{"id":17906,"date":"2019-06-03T11:06:25","date_gmt":"2019-06-03T11:06:25","guid":{"rendered":"https:\/\/www.josebernad.com\/blog\/"},"modified":"2019-06-03T11:11:12","modified_gmt":"2019-06-03T11:11:12","slug":"blog","status":"publish","type":"page","link":"https:\/\/www.josebernad.com\/en\/blog\/","title":{"rendered":"Blog"},"content":{"rendered":"","protected":false},"excerpt":{"rendered":"","protected":false},"author":1,"featured_media":17717,"parent":0,"menu_order":0,"comment_status":"closed","ping_status":"closed","template":"blog-small-image.php","meta":{"_joinchat":[],"footnotes":""},"class_list":["post-17906","page","type-page","status-publish","has-post-thumbnail","hentry"],"yoast_head":"<!-- This site is optimized with the Yoast SEO plugin v25.6 - https:\/\/yoast.com\/wordpress\/plugins\/seo\/ -->\n<title>Blog - Jose Bernad<\/title>\n<meta name=\"description\" content=\"Blog | Bernad Refrigeraci\u00f3n | Servicios industria alimentaci\u00f3n\" \/>\n<meta name=\"robots\" content=\"index, follow, max-snippet:-1, max-image-preview:large, max-video-preview:-1\" \/>\n<link rel=\"canonical\" href=\"https:\/\/www.josebernad.com\/en\/blog\/\" \/>\n<meta property=\"og:locale\" content=\"en_US\" \/>\n<meta property=\"og:type\" content=\"article\" \/>\n<meta property=\"og:title\" content=\"Blog - Jose Bernad\" \/>\n<meta property=\"og:description\" content=\"Blog | Bernad Refrigeraci\u00f3n | Servicios industria alimentaci\u00f3n\" \/>\n<meta property=\"og:url\" content=\"https:\/\/www.josebernad.com\/en\/blog\/\" \/>\n<meta property=\"og:site_name\" content=\"Jose Bernad\" \/>\n<meta property=\"article:publisher\" content=\"https:\/\/www.facebook.com\/JoseBernad.SL\/\" \/>\n<meta property=\"article:modified_time\" content=\"2019-06-03T11:11:12+00:00\" \/>\n<meta property=\"og:image\" content=\"https:\/\/www.josebernad.com\/wp-content\/uploads\/2019\/03\/curso-formaci\u00f3n-Ceylan.jpg\" \/>\n\t<meta property=\"og:image:width\" content=\"600\" \/>\n\t<meta property=\"og:image:height\" content=\"600\" \/>\n\t<meta property=\"og:image:type\" content=\"image\/jpeg\" \/>\n<meta name=\"twitter:card\" content=\"summary_large_image\" \/>\n<meta name=\"twitter:site\" content=\"@josebernadsl\" \/>\n<script type=\"application\/ld+json\" class=\"yoast-schema-graph\">{\"@context\":\"https:\/\/schema.org\",\"@graph\":[{\"@type\":\"WebPage\",\"@id\":\"https:\/\/www.josebernad.com\/en\/blog\/\",\"url\":\"https:\/\/www.josebernad.com\/en\/blog\/\",\"name\":\"Blog - Jose Bernad\",\"isPartOf\":{\"@id\":\"https:\/\/www.josebernad.com\/#website\"},\"primaryImageOfPage\":{\"@id\":\"https:\/\/www.josebernad.com\/en\/blog\/#primaryimage\"},\"image\":{\"@id\":\"https:\/\/www.josebernad.com\/en\/blog\/#primaryimage\"},\"thumbnailUrl\":\"https:\/\/www.josebernad.com\/wp-content\/uploads\/2019\/03\/curso-formaci\u00f3n-Ceylan.jpg\",\"datePublished\":\"2019-06-03T11:06:25+00:00\",\"dateModified\":\"2019-06-03T11:11:12+00:00\",\"description\":\"Blog | Bernad Refrigeraci\u00f3n | Servicios industria alimentaci\u00f3n\",\"breadcrumb\":{\"@id\":\"https:\/\/www.josebernad.com\/en\/blog\/#breadcrumb\"},\"inLanguage\":\"en-US\",\"potentialAction\":[{\"@type\":\"ReadAction\",\"target\":[\"https:\/\/www.josebernad.com\/en\/blog\/\"]}]},{\"@type\":\"ImageObject\",\"inLanguage\":\"en-US\",\"@id\":\"https:\/\/www.josebernad.com\/en\/blog\/#primaryimage\",\"url\":\"https:\/\/www.josebernad.com\/wp-content\/uploads\/2019\/03\/curso-formaci\u00f3n-Ceylan.jpg\",\"contentUrl\":\"https:\/\/www.josebernad.com\/wp-content\/uploads\/2019\/03\/curso-formaci\u00f3n-Ceylan.jpg\",\"width\":600,\"height\":600},{\"@type\":\"BreadcrumbList\",\"@id\":\"https:\/\/www.josebernad.com\/en\/blog\/#breadcrumb\",\"itemListElement\":[{\"@type\":\"ListItem\",\"position\":1,\"name\":\"Portada\",\"item\":\"https:\/\/www.josebernad.com\/en\/\"},{\"@type\":\"ListItem\",\"position\":2,\"name\":\"Blog\"}]},{\"@type\":\"WebSite\",\"@id\":\"https:\/\/www.josebernad.com\/#website\",\"url\":\"https:\/\/www.josebernad.com\/\",\"name\":\"Jose Bernad\",\"description\":\"Equipamiento para la industria alimentaria\",\"publisher\":{\"@id\":\"https:\/\/www.josebernad.com\/#organization\"},\"potentialAction\":[{\"@type\":\"SearchAction\",\"target\":{\"@type\":\"EntryPoint\",\"urlTemplate\":\"https:\/\/www.josebernad.com\/?s={search_term_string}\"},\"query-input\":{\"@type\":\"PropertyValueSpecification\",\"valueRequired\":true,\"valueName\":\"search_term_string\"}}],\"inLanguage\":\"en-US\"},{\"@type\":\"Organization\",\"@id\":\"https:\/\/www.josebernad.com\/#organization\",\"name\":\"Jose Bernad | Refrigeraci\u00f3n y maquinar\u00eda para hosteler\u00eda\",\"url\":\"https:\/\/www.josebernad.com\/\",\"logo\":{\"@type\":\"ImageObject\",\"inLanguage\":\"en-US\",\"@id\":\"https:\/\/www.josebernad.com\/#\/schema\/logo\/image\/\",\"url\":\"https:\/\/www.josebernad.com\/wp-content\/uploads\/2018\/08\/logo-posts-letras-gris-1.png\",\"contentUrl\":\"https:\/\/www.josebernad.com\/wp-content\/uploads\/2018\/08\/logo-posts-letras-gris-1.png\",\"width\":2048,\"height\":2048,\"caption\":\"Jose Bernad | Refrigeraci\u00f3n y maquinar\u00eda para hosteler\u00eda\"},\"image\":{\"@id\":\"https:\/\/www.josebernad.com\/#\/schema\/logo\/image\/\"},\"sameAs\":[\"https:\/\/www.facebook.com\/JoseBernad.SL\/\",\"https:\/\/x.com\/josebernadsl\",\"https:\/\/www.instagram.com\/josebernad.sl\/\",\"https:\/\/www.linkedin.com\/company\/jos-bernad-s-l-\",\"https:\/\/www.youtube.com\/channel\/UCtOUrTgFx0IOu28oaMZ28Lw\"]}]}<\/script>\n<!-- \/ Yoast SEO plugin. -->","yoast_head_json":{"title":"Blog - Jose Bernad","description":"Blog | Bernad Refrigeraci\u00f3n | Servicios industria alimentaci\u00f3n","robots":{"index":"index","follow":"follow","max-snippet":"max-snippet:-1","max-image-preview":"max-image-preview:large","max-video-preview":"max-video-preview:-1"},"canonical":"https:\/\/www.josebernad.com\/en\/blog\/","og_locale":"en_US","og_type":"article","og_title":"Blog - Jose Bernad","og_description":"Blog | Bernad Refrigeraci\u00f3n | Servicios industria alimentaci\u00f3n","og_url":"https:\/\/www.josebernad.com\/en\/blog\/","og_site_name":"Jose Bernad","article_publisher":"https:\/\/www.facebook.com\/JoseBernad.SL\/","article_modified_time":"2019-06-03T11:11:12+00:00","og_image":[{"width":600,"height":600,"url":"https:\/\/www.josebernad.com\/wp-content\/uploads\/2019\/03\/curso-formaci\u00f3n-Ceylan.jpg","type":"image\/jpeg"}],"twitter_card":"summary_large_image","twitter_site":"@josebernadsl","schema":{"@context":"https:\/\/schema.org","@graph":[{"@type":"WebPage","@id":"https:\/\/www.josebernad.com\/en\/blog\/","url":"https:\/\/www.josebernad.com\/en\/blog\/","name":"Blog - Jose Bernad","isPartOf":{"@id":"https:\/\/www.josebernad.com\/#website"},"primaryImageOfPage":{"@id":"https:\/\/www.josebernad.com\/en\/blog\/#primaryimage"},"image":{"@id":"https:\/\/www.josebernad.com\/en\/blog\/#primaryimage"},"thumbnailUrl":"https:\/\/www.josebernad.com\/wp-content\/uploads\/2019\/03\/curso-formaci\u00f3n-Ceylan.jpg","datePublished":"2019-06-03T11:06:25+00:00","dateModified":"2019-06-03T11:11:12+00:00","description":"Blog | Bernad Refrigeraci\u00f3n | Servicios industria alimentaci\u00f3n","breadcrumb":{"@id":"https:\/\/www.josebernad.com\/en\/blog\/#breadcrumb"},"inLanguage":"en-US","potentialAction":[{"@type":"ReadAction","target":["https:\/\/www.josebernad.com\/en\/blog\/"]}]},{"@type":"ImageObject","inLanguage":"en-US","@id":"https:\/\/www.josebernad.com\/en\/blog\/#primaryimage","url":"https:\/\/www.josebernad.com\/wp-content\/uploads\/2019\/03\/curso-formaci\u00f3n-Ceylan.jpg","contentUrl":"https:\/\/www.josebernad.com\/wp-content\/uploads\/2019\/03\/curso-formaci\u00f3n-Ceylan.jpg","width":600,"height":600},{"@type":"BreadcrumbList","@id":"https:\/\/www.josebernad.com\/en\/blog\/#breadcrumb","itemListElement":[{"@type":"ListItem","position":1,"name":"Portada","item":"https:\/\/www.josebernad.com\/en\/"},{"@type":"ListItem","position":2,"name":"Blog"}]},{"@type":"WebSite","@id":"https:\/\/www.josebernad.com\/#website","url":"https:\/\/www.josebernad.com\/","name":"Jose Bernad","description":"Equipamiento para la industria alimentaria","publisher":{"@id":"https:\/\/www.josebernad.com\/#organization"},"potentialAction":[{"@type":"SearchAction","target":{"@type":"EntryPoint","urlTemplate":"https:\/\/www.josebernad.com\/?s={search_term_string}"},"query-input":{"@type":"PropertyValueSpecification","valueRequired":true,"valueName":"search_term_string"}}],"inLanguage":"en-US"},{"@type":"Organization","@id":"https:\/\/www.josebernad.com\/#organization","name":"Jose Bernad | Refrigeraci\u00f3n y maquinar\u00eda para hosteler\u00eda","url":"https:\/\/www.josebernad.com\/","logo":{"@type":"ImageObject","inLanguage":"en-US","@id":"https:\/\/www.josebernad.com\/#\/schema\/logo\/image\/","url":"https:\/\/www.josebernad.com\/wp-content\/uploads\/2018\/08\/logo-posts-letras-gris-1.png","contentUrl":"https:\/\/www.josebernad.com\/wp-content\/uploads\/2018\/08\/logo-posts-letras-gris-1.png","width":2048,"height":2048,"caption":"Jose Bernad | Refrigeraci\u00f3n y maquinar\u00eda para hosteler\u00eda"},"image":{"@id":"https:\/\/www.josebernad.com\/#\/schema\/logo\/image\/"},"sameAs":["https:\/\/www.facebook.com\/JoseBernad.SL\/","https:\/\/x.com\/josebernadsl","https:\/\/www.instagram.com\/josebernad.sl\/","https:\/\/www.linkedin.com\/company\/jos-bernad-s-l-","https:\/\/www.youtube.com\/channel\/UCtOUrTgFx0IOu28oaMZ28Lw"]}]}},"_links":{"self":[{"href":"https:\/\/www.josebernad.com\/en\/wp-json\/wp\/v2\/pages\/17906","targetHints":{"allow":["GET"]}}],"collection":[{"href":"https:\/\/www.josebernad.com\/en\/wp-json\/wp\/v2\/pages"}],"about":[{"href":"https:\/\/www.josebernad.com\/en\/wp-json\/wp\/v2\/types\/page"}],"author":[{"embeddable":true,"href":"https:\/\/www.josebernad.com\/en\/wp-json\/wp\/v2\/users\/1"}],"replies":[{"embeddable":true,"href":"https:\/\/www.josebernad.com\/en\/wp-json\/wp\/v2\/comments?post=17906"}],"version-history":[{"count":1,"href":"https:\/\/www.josebernad.com\/en\/wp-json\/wp\/v2\/pages\/17906\/revisions"}],"predecessor-version":[{"id":17908,"href":"https:\/\/www.josebernad.com\/en\/wp-json\/wp\/v2\/pages\/17906\/revisions\/17908"}],"wp:featuredmedia":[{"embeddable":true,"href":"https:\/\/www.josebernad.com\/en\/wp-json\/wp\/v2\/media\/17717"}],"wp:attachment":[{"href":"https:\/\/www.josebernad.com\/en\/wp-json\/wp\/v2\/media?parent=17906"}],"curies":[{"name":"wp","href":"https:\/\/api.w.org\/{rel}","templated":true}]}}