{"id":523,"date":"2017-02-27T09:01:31","date_gmt":"2017-02-27T09:01:31","guid":{"rendered":"http:\/\/www.bernadrefrigeracion.com\/?page_id=523\/"},"modified":"2018-11-13T10:17:51","modified_gmt":"2018-11-13T10:17:51","slug":"who-we-are","status":"publish","type":"page","link":"https:\/\/www.josebernad.com\/en\/who-we-are\/","title":{"rendered":"Who we are"},"content":{"rendered":"<div class=\"wpb-content-wrapper\"><p>[vc_row css_animation=&#8221;&#8221; row_type=&#8221;row&#8221; use_row_as_full_screen_section=&#8221;no&#8221; type=&#8221;full_width&#8221; angled_section=&#8221;no&#8221; text_align=&#8221;left&#8221; background_image_as_pattern=&#8221;without_pattern&#8221;][vc_column width=&#8221;1\/2&#8243;][vc_column_text]<\/p>\n<h2>Bernad Refrigeration: more than 30 years experience in food equipments<\/h2>\n<h3><\/h3>\n<h3>Years talk in our name<\/h3>\n<p>&nbsp;<\/p>\n<p>A trajectory of thirty years supplying equipments for the food industry certifies us as specialist supplying coolant equipments and rooms.[\/vc_column_text][\/vc_column][vc_column width=&#8221;1\/2&#8243;][vc_raw_html]PGlmcmFtZSBzcmM9Imh0dHBzOi8vd3d3LnlvdXR1YmUuY29tL2VtYmVkL2dNUjNiVTVFVkM4P3JlbD0wIiB3aWR0aD0iNjQwIiBoZWlnaHQ9IjMxNSIgZnJhbWVib3JkZXI9IjAiIGFsbG93ZnVsbHNjcmVlbj0iYWxsb3dmdWxsc2NyZWVuIj48L2lmcmFtZT4=[\/vc_raw_html][\/vc_column][\/vc_row][vc_row css_animation=&#8221;&#8221; row_type=&#8221;row&#8221; use_row_as_full_screen_section=&#8221;no&#8221; type=&#8221;full_width&#8221; angled_section=&#8221;no&#8221; text_align=&#8221;left&#8221; background_image_as_pattern=&#8221;without_pattern&#8221; css=&#8221;.vc_custom_1536836240318{margin-top: 80px !important;}&#8221; z_index=&#8221;&#8221;][vc_column][vc_column_text css=&#8221;.vc_custom_1542104180008{padding-bottom: 40px !important;}&#8221;]<\/p>\n<h3 style=\"text-align: center;\">Our customers trust and satisfaction as our main base<\/h3>\n<p style=\"text-align: center;\">We adapt ourselves to our clients\u2019 necessities working hardly through our main values of <strong>responsibility, service, compromise, innovation, satisfaction and development<\/strong>.<\/p>\n<p style=\"text-align: center;\">Our <strong>strategy<\/strong>, always bearing in mind <strong>the quality as the main objective<\/strong>, is to look for a strong improvement in order to be a guide in the food equipment industry.<\/p>\n<p>[\/vc_column_text][\/vc_column][\/vc_row][vc_row css_animation=&#8221;&#8221; row_type=&#8221;row&#8221; use_row_as_full_screen_section=&#8221;no&#8221; type=&#8221;full_width&#8221; angled_section=&#8221;no&#8221; text_align=&#8221;left&#8221; background_image_as_pattern=&#8221;without_pattern&#8221; bg_type=&#8221;image&#8221; parallax_style=&#8221;vcpb-default&#8221; bg_image_new=&#8221;id^162|url^http:\/\/www.bernadrefrigeracion.com\/wp-content\/uploads\/quienes-somos.jpg|caption^null|alt^null|title^quienes-somos|description^null&#8221; bg_image_repeat=&#8221;no-repeat&#8221; bg_override=&#8221;full&#8221; min_height=&#8221;450px&#8221; css=&#8221;.vc_custom_1536836251462{margin-top: 70px !important;}&#8221; z_index=&#8221;&#8221;][vc_column][vc_empty_space height=&#8221;450px&#8221; background_image=&#8221;16835&#8243; image_repeat=&#8221;no-repeat&#8221;][\/vc_column][\/vc_row][vc_row css_animation=&#8221;&#8221; row_type=&#8221;row&#8221; use_row_as_full_screen_section=&#8221;no&#8221; type=&#8221;full_width&#8221; angled_section=&#8221;no&#8221; text_align=&#8221;left&#8221; background_image_as_pattern=&#8221;without_pattern&#8221; css=&#8221;.vc_custom_1536835987584{margin-top: 70px !important;}&#8221; z_index=&#8221;&#8221;][vc_column][vc_column_text css=&#8221;.vc_custom_1536836605503{padding-bottom: 40px !important;}&#8221;]<\/p>\n<h2 style=\"text-align: center;\">Skills proving our quality service<\/h2>\n<p>[\/vc_column_text][vc_row_inner row_type=&#8221;row&#8221; type=&#8221;full_width&#8221; text_align=&#8221;left&#8221; css_animation=&#8221;&#8221;][vc_column_inner width=&#8221;1\/4&#8243;]<div class=\"aio-icon-component    style_1\"><div id=\"Info-box-wrap-9612\" class=\"aio-icon-box top-icon\" style=\"\"  ><div class=\"aio-icon-top\"><div class=\"ult-just-icon-wrapper  \"><div class=\"align-icon\" style=\"text-align:center;\">\n<div class=\"aio-icon-img \" style=\"font-size:100px;display:inline-block;\" >\n\t<img decoding=\"async\" class=\"img-icon\" alt=\"null\" src=\"https:\/\/www.josebernad.com\/wp-content\/uploads\/2018\/10\/empresa-autorizada.png\"\/>\n<\/div><\/div><\/div><\/div><div class=\"aio-icon-description ult-responsive\"  data-ultimate-target='#Info-box-wrap-9612 .aio-icon-description'  data-responsive-json-new='{\"font-size\":\"\",\"line-height\":\"\"}'  style=\"\">Company authorized by the Industry and Technology Department.<\/div> <!-- description --><\/div> <!-- aio-icon-box --><\/div> <!-- aio-icon-component -->[\/vc_column_inner][vc_column_inner width=&#8221;1\/4&#8243;]<div class=\"aio-icon-component    style_1\"><div id=\"Info-box-wrap-3817\" class=\"aio-icon-box top-icon\" style=\"\"  ><div class=\"aio-icon-top\"><div class=\"ult-just-icon-wrapper  \"><div class=\"align-icon\" style=\"text-align:center;\">\n<div class=\"aio-icon-img \" style=\"font-size:100px;display:inline-block;\" >\n\t<img decoding=\"async\" class=\"img-icon\" alt=\"null\" src=\"https:\/\/www.josebernad.com\/wp-content\/uploads\/2018\/10\/frigorista-climatizacion.png\"\/>\n<\/div><\/div><\/div><\/div><div class=\"aio-icon-description ult-responsive\"  data-ultimate-target='#Info-box-wrap-3817 .aio-icon-description'  data-responsive-json-new='{\"font-size\":\"\",\"line-height\":\"\"}'  style=\"\">Installation, repair and maintenance Company of SHW acclimatization and heating.<\/div> <!-- description --><\/div> <!-- aio-icon-box --><\/div> <!-- aio-icon-component -->[\/vc_column_inner][vc_column_inner width=&#8221;1\/4&#8243;]<div class=\"aio-icon-component    style_1\"><div id=\"Info-box-wrap-6856\" class=\"aio-icon-box top-icon\" style=\"\"  ><div class=\"aio-icon-top\"><div class=\"ult-just-icon-wrapper  \"><div class=\"align-icon\" style=\"text-align:center;\">\n<div class=\"aio-icon-img \" style=\"font-size:100px;display:inline-block;\" >\n\t<img decoding=\"async\" class=\"img-icon\" alt=\"null\" src=\"https:\/\/www.josebernad.com\/wp-content\/uploads\/2018\/10\/calefaccion-climatizacion.png\"\/>\n<\/div><\/div><\/div><\/div><div class=\"aio-icon-description ult-responsive\"  data-ultimate-target='#Info-box-wrap-6856 .aio-icon-description'  data-responsive-json-new='{\"font-size\":\"\",\"line-height\":\"\"}'  style=\"\">Installation, repair and maintenance Company for acclimatization and cooling systems.<\/div> <!-- description --><\/div> <!-- aio-icon-box --><\/div> <!-- aio-icon-component -->[\/vc_column_inner][vc_column_inner width=&#8221;1\/4&#8243;]<div class=\"aio-icon-component    style_1\"><div id=\"Info-box-wrap-3135\" class=\"aio-icon-box top-icon\" style=\"\"  ><div class=\"aio-icon-top\"><div class=\"ult-just-icon-wrapper  \"><div class=\"align-icon\" style=\"text-align:center;\">\n<div class=\"aio-icon-img \" style=\"font-size:100px;display:inline-block;\" >\n\t<img decoding=\"async\" class=\"img-icon\" alt=\"null\" src=\"https:\/\/www.josebernad.com\/wp-content\/uploads\/2018\/10\/pesaje.png\"\/>\n<\/div><\/div><\/div><\/div><div class=\"aio-icon-description ult-responsive\"  data-ultimate-target='#Info-box-wrap-3135 .aio-icon-description'  data-responsive-json-new='{\"font-size\":\"\",\"line-height\":\"\"}'  style=\"\">Commercial and repair Company for weighing equipments.<\/div> <!-- description --><\/div> <!-- aio-icon-box --><\/div> <!-- aio-icon-component -->[\/vc_column_inner][\/vc_row_inner][vc_empty_space height=&#8221;80px&#8221;][vc_column_text css=&#8221;.vc_custom_1536836532237{padding-bottom: 40px !important;}&#8221;]<\/p>\n<h2 style=\"text-align: center;\">Every history has a beginning<\/h2>\n<p>[\/vc_column_text]<blockquote class=' with_quote_icon' style='background-color: #e0e0e0;'><i class='fa fa-quote-right' style=''><\/i><h5 class='blockquote-text' style='color: #000000;'>Jose Bernad, S.L. start at the 70s in Albacete as a Company focused to the meat industry. Even though at the beginning the activity was mainly locally, shortly the Company started to open its business all over Castilla la Mancha region, offering a good service all around.. Throughout the years Bernad become a reference in the food industry equipment, supplying to all kind of companies all around Spain.<\/h5><\/blockquote>[\/vc_column][\/vc_row][vc_row css_animation=&#8221;&#8221; row_type=&#8221;row&#8221; use_row_as_full_screen_section=&#8221;no&#8221; type=&#8221;full_width&#8221; angled_section=&#8221;no&#8221; text_align=&#8221;left&#8221; background_image_as_pattern=&#8221;without_pattern&#8221; css=&#8221;.vc_custom_1536836769702{margin-top: 80px !important;}&#8221; z_index=&#8221;&#8221;][vc_column width=&#8221;1\/3&#8243;]<div class=\"qode-info-card-with-icon\">\n    <div class=\"qode-icwi-image-icon-holder qode-start-icon-hover\">\n\t\t\t\t\t\t<div class=\"qode-icwi-icon-holder\">\n\t\t\t<span class=\"qode-icon-holder qode-icon-circle qode-icon-tiny\"   >\n\t\t\t\t<i class=\"qode_icon_font_awesome fa fa-building qode-icon-element\" style=\"\" ><\/i>\t\t\t<\/span>\n\t\t<\/div>\n\t\t\t<\/div>\n\t<div class=\"qode-icwi-text-holder\">\n\t\t\t\t\t<h3 class=\"qode-icwi-title\">\n\t\t\t\tJOSE BERNAD S.L.\t\t\t<\/h3>\n\t\t\t\t\t<\/div>\n<\/div>[\/vc_column][vc_column width=&#8221;2\/3&#8243;][vc_gmaps link=&#8221;#E-8_JTNDaWZyYW1lJTIwc3JjJTNEJTIyaHR0cHMlM0ElMkYlMkZ3d3cuZ29vZ2xlLmNvbSUyRm1hcHMlMkZlbWJlZCUzRnBiJTNEJTIxMW0xOCUyMTFtMTIlMjExbTMlMjExZDEyNDAwLjkxNzYyODAxNDA0MiUyMTJkLTEuODkwMTk1NzQwNDA2MjQyNiUyMTNkMzkuMDEwMDgwMDgxODA5NTklMjEybTMlMjExZjAlMjEyZjAlMjEzZjAlMjEzbTIlMjExaTEwMjQlMjEyaTc2OCUyMTRmMTMuMSUyMTNtMyUyMTFtMiUyMTFzMHhkNjY1ZTU5ZWU5OWY1YTElMjUzQTB4ZTk2ZWVmZGZhMGY0YWQ2YyUyMTJzSm9zJTI1QzMlMjVBOSUyQkJlcm5hZCUyNTJDJTJCUy5MLiUyMTVlMCUyMTNtMiUyMTFzZXMlMjEyc2VzJTIxNHYxNTM2ODM2ODM5MjIxJTIyJTIwd2lkdGglM0QlMjI2MDAlMjIlMjBoZWlnaHQlM0QlMjI0NTAlMjIlMjBmcmFtZWJvcmRlciUzRCUyMjAlMjIlMjBzdHlsZSUzRCUyMmJvcmRlciUzQTAlMjIlMjBhbGxvd2Z1bGxzY3JlZW4lM0UlM0MlMkZpZnJhbWUlM0U=&#8221;][\/vc_column][\/vc_row][vc_row css_animation=&#8221;&#8221; row_type=&#8221;row&#8221; use_row_as_full_screen_section=&#8221;no&#8221; type=&#8221;full_width&#8221; angled_section=&#8221;no&#8221; text_align=&#8221;left&#8221; background_image_as_pattern=&#8221;without_pattern&#8221; bg_type=&#8221;image&#8221; parallax_style=&#8221;vcpb-default&#8221; bg_image_new=&#8221;id^164|url^http:\/\/www.bernadrefrigeracion.com\/wp-content\/uploads\/bernad-refrigeracion.jpg|caption^null|alt^null|title^bernad-refrigeracion|description^null&#8221; bg_image_repeat=&#8221;no-repeat&#8221; bg_override=&#8221;full&#8221; min_height=&#8221;450px&#8221; css=&#8221;.vc_custom_1536836544289{margin-top: 90px !important;}&#8221; z_index=&#8221;&#8221;][vc_column][vc_empty_space height=&#8221;70px&#8221;][\/vc_column][\/vc_row]<\/p>\n<\/div>","protected":false},"excerpt":{"rendered":"<p>[vc_row css_animation=&#8221;&#8221; row_type=&#8221;row&#8221; use_row_as_full_screen_section=&#8221;no&#8221; type=&#8221;full_width&#8221; angled_section=&#8221;no&#8221; text_align=&#8221;left&#8221; background_image_as_pattern=&#8221;without_pattern&#8221;][vc_column width=&#8221;1\/2&#8243;][vc_column_text] Bernad Refrigeration: more than 30 years experience in food equipments Years talk in our name &nbsp; A trajectory of thirty years supplying equipments for the food industry certifies us as specialist supplying coolant equipments and rooms.[\/vc_column_text][\/vc_column][vc_column&#8230;<\/p>\n","protected":false},"author":1,"featured_media":0,"parent":0,"menu_order":0,"comment_status":"closed","ping_status":"closed","template":"","meta":{"_joinchat":[],"footnotes":""},"class_list":["post-523","page","type-page","status-publish","hentry"],"yoast_head":"<!-- This site is optimized with the Yoast SEO plugin v25.6 - https:\/\/yoast.com\/wordpress\/plugins\/seo\/ -->\n<title>Who we are - Jose Bernad<\/title>\n<meta name=\"description\" content=\"Who we are | Bernad Refrigeraci\u00f3n | Servicios industria alimentaci\u00f3n\" \/>\n<meta name=\"robots\" content=\"index, follow, max-snippet:-1, max-image-preview:large, max-video-preview:-1\" \/>\n<link rel=\"canonical\" href=\"https:\/\/www.josebernad.com\/en\/who-we-are\/\" \/>\n<meta property=\"og:locale\" content=\"en_US\" \/>\n<meta property=\"og:type\" content=\"article\" \/>\n<meta property=\"og:title\" content=\"Who we are - Jose Bernad\" \/>\n<meta property=\"og:description\" content=\"Who we are | Bernad Refrigeraci\u00f3n | Servicios industria alimentaci\u00f3n\" \/>\n<meta property=\"og:url\" content=\"https:\/\/www.josebernad.com\/en\/who-we-are\/\" \/>\n<meta property=\"og:site_name\" content=\"Jose Bernad\" \/>\n<meta property=\"article:publisher\" content=\"https:\/\/www.facebook.com\/JoseBernad.SL\/\" \/>\n<meta property=\"article:modified_time\" content=\"2018-11-13T10:17:51+00:00\" \/>\n<meta name=\"twitter:card\" content=\"summary_large_image\" \/>\n<meta name=\"twitter:site\" content=\"@josebernadsl\" \/>\n<meta name=\"twitter:label1\" content=\"Est. reading time\" \/>\n\t<meta name=\"twitter:data1\" content=\"4 minutes\" \/>\n<script type=\"application\/ld+json\" class=\"yoast-schema-graph\">{\"@context\":\"https:\/\/schema.org\",\"@graph\":[{\"@type\":\"WebPage\",\"@id\":\"https:\/\/www.josebernad.com\/en\/who-we-are\/\",\"url\":\"https:\/\/www.josebernad.com\/en\/who-we-are\/\",\"name\":\"Who we are - Jose Bernad\",\"isPartOf\":{\"@id\":\"https:\/\/www.josebernad.com\/#website\"},\"datePublished\":\"2017-02-27T09:01:31+00:00\",\"dateModified\":\"2018-11-13T10:17:51+00:00\",\"description\":\"Who we are | Bernad Refrigeraci\u00f3n | Servicios industria alimentaci\u00f3n\",\"breadcrumb\":{\"@id\":\"https:\/\/www.josebernad.com\/en\/who-we-are\/#breadcrumb\"},\"inLanguage\":\"en-US\",\"potentialAction\":[{\"@type\":\"ReadAction\",\"target\":[\"https:\/\/www.josebernad.com\/en\/who-we-are\/\"]}]},{\"@type\":\"BreadcrumbList\",\"@id\":\"https:\/\/www.josebernad.com\/en\/who-we-are\/#breadcrumb\",\"itemListElement\":[{\"@type\":\"ListItem\",\"position\":1,\"name\":\"Portada\",\"item\":\"https:\/\/www.josebernad.com\/en\/\"},{\"@type\":\"ListItem\",\"position\":2,\"name\":\"Who we are\"}]},{\"@type\":\"WebSite\",\"@id\":\"https:\/\/www.josebernad.com\/#website\",\"url\":\"https:\/\/www.josebernad.com\/\",\"name\":\"Jose Bernad\",\"description\":\"Equipamiento para la industria alimentaria\",\"publisher\":{\"@id\":\"https:\/\/www.josebernad.com\/#organization\"},\"potentialAction\":[{\"@type\":\"SearchAction\",\"target\":{\"@type\":\"EntryPoint\",\"urlTemplate\":\"https:\/\/www.josebernad.com\/?s={search_term_string}\"},\"query-input\":{\"@type\":\"PropertyValueSpecification\",\"valueRequired\":true,\"valueName\":\"search_term_string\"}}],\"inLanguage\":\"en-US\"},{\"@type\":\"Organization\",\"@id\":\"https:\/\/www.josebernad.com\/#organization\",\"name\":\"Jose Bernad | Refrigeraci\u00f3n y maquinar\u00eda para hosteler\u00eda\",\"url\":\"https:\/\/www.josebernad.com\/\",\"logo\":{\"@type\":\"ImageObject\",\"inLanguage\":\"en-US\",\"@id\":\"https:\/\/www.josebernad.com\/#\/schema\/logo\/image\/\",\"url\":\"https:\/\/www.josebernad.com\/wp-content\/uploads\/2018\/08\/logo-posts-letras-gris-1.png\",\"contentUrl\":\"https:\/\/www.josebernad.com\/wp-content\/uploads\/2018\/08\/logo-posts-letras-gris-1.png\",\"width\":2048,\"height\":2048,\"caption\":\"Jose Bernad | Refrigeraci\u00f3n y maquinar\u00eda para hosteler\u00eda\"},\"image\":{\"@id\":\"https:\/\/www.josebernad.com\/#\/schema\/logo\/image\/\"},\"sameAs\":[\"https:\/\/www.facebook.com\/JoseBernad.SL\/\",\"https:\/\/x.com\/josebernadsl\",\"https:\/\/www.instagram.com\/josebernad.sl\/\",\"https:\/\/www.linkedin.com\/company\/jos-bernad-s-l-\",\"https:\/\/www.youtube.com\/channel\/UCtOUrTgFx0IOu28oaMZ28Lw\"]}]}<\/script>\n<!-- \/ Yoast SEO plugin. -->","yoast_head_json":{"title":"Who we are - Jose Bernad","description":"Who we are | Bernad Refrigeraci\u00f3n | Servicios industria alimentaci\u00f3n","robots":{"index":"index","follow":"follow","max-snippet":"max-snippet:-1","max-image-preview":"max-image-preview:large","max-video-preview":"max-video-preview:-1"},"canonical":"https:\/\/www.josebernad.com\/en\/who-we-are\/","og_locale":"en_US","og_type":"article","og_title":"Who we are - Jose Bernad","og_description":"Who we are | Bernad Refrigeraci\u00f3n | Servicios industria alimentaci\u00f3n","og_url":"https:\/\/www.josebernad.com\/en\/who-we-are\/","og_site_name":"Jose Bernad","article_publisher":"https:\/\/www.facebook.com\/JoseBernad.SL\/","article_modified_time":"2018-11-13T10:17:51+00:00","twitter_card":"summary_large_image","twitter_site":"@josebernadsl","twitter_misc":{"Est. reading time":"4 minutes"},"schema":{"@context":"https:\/\/schema.org","@graph":[{"@type":"WebPage","@id":"https:\/\/www.josebernad.com\/en\/who-we-are\/","url":"https:\/\/www.josebernad.com\/en\/who-we-are\/","name":"Who we are - Jose Bernad","isPartOf":{"@id":"https:\/\/www.josebernad.com\/#website"},"datePublished":"2017-02-27T09:01:31+00:00","dateModified":"2018-11-13T10:17:51+00:00","description":"Who we are | Bernad Refrigeraci\u00f3n | Servicios industria alimentaci\u00f3n","breadcrumb":{"@id":"https:\/\/www.josebernad.com\/en\/who-we-are\/#breadcrumb"},"inLanguage":"en-US","potentialAction":[{"@type":"ReadAction","target":["https:\/\/www.josebernad.com\/en\/who-we-are\/"]}]},{"@type":"BreadcrumbList","@id":"https:\/\/www.josebernad.com\/en\/who-we-are\/#breadcrumb","itemListElement":[{"@type":"ListItem","position":1,"name":"Portada","item":"https:\/\/www.josebernad.com\/en\/"},{"@type":"ListItem","position":2,"name":"Who we are"}]},{"@type":"WebSite","@id":"https:\/\/www.josebernad.com\/#website","url":"https:\/\/www.josebernad.com\/","name":"Jose Bernad","description":"Equipamiento para la industria alimentaria","publisher":{"@id":"https:\/\/www.josebernad.com\/#organization"},"potentialAction":[{"@type":"SearchAction","target":{"@type":"EntryPoint","urlTemplate":"https:\/\/www.josebernad.com\/?s={search_term_string}"},"query-input":{"@type":"PropertyValueSpecification","valueRequired":true,"valueName":"search_term_string"}}],"inLanguage":"en-US"},{"@type":"Organization","@id":"https:\/\/www.josebernad.com\/#organization","name":"Jose Bernad | Refrigeraci\u00f3n y maquinar\u00eda para hosteler\u00eda","url":"https:\/\/www.josebernad.com\/","logo":{"@type":"ImageObject","inLanguage":"en-US","@id":"https:\/\/www.josebernad.com\/#\/schema\/logo\/image\/","url":"https:\/\/www.josebernad.com\/wp-content\/uploads\/2018\/08\/logo-posts-letras-gris-1.png","contentUrl":"https:\/\/www.josebernad.com\/wp-content\/uploads\/2018\/08\/logo-posts-letras-gris-1.png","width":2048,"height":2048,"caption":"Jose Bernad | Refrigeraci\u00f3n y maquinar\u00eda para hosteler\u00eda"},"image":{"@id":"https:\/\/www.josebernad.com\/#\/schema\/logo\/image\/"},"sameAs":["https:\/\/www.facebook.com\/JoseBernad.SL\/","https:\/\/x.com\/josebernadsl","https:\/\/www.instagram.com\/josebernad.sl\/","https:\/\/www.linkedin.com\/company\/jos-bernad-s-l-","https:\/\/www.youtube.com\/channel\/UCtOUrTgFx0IOu28oaMZ28Lw"]}]}},"_links":{"self":[{"href":"https:\/\/www.josebernad.com\/en\/wp-json\/wp\/v2\/pages\/523","targetHints":{"allow":["GET"]}}],"collection":[{"href":"https:\/\/www.josebernad.com\/en\/wp-json\/wp\/v2\/pages"}],"about":[{"href":"https:\/\/www.josebernad.com\/en\/wp-json\/wp\/v2\/types\/page"}],"author":[{"embeddable":true,"href":"https:\/\/www.josebernad.com\/en\/wp-json\/wp\/v2\/users\/1"}],"replies":[{"embeddable":true,"href":"https:\/\/www.josebernad.com\/en\/wp-json\/wp\/v2\/comments?post=523"}],"version-history":[{"count":4,"href":"https:\/\/www.josebernad.com\/en\/wp-json\/wp\/v2\/pages\/523\/revisions"}],"predecessor-version":[{"id":17116,"href":"https:\/\/www.josebernad.com\/en\/wp-json\/wp\/v2\/pages\/523\/revisions\/17116"}],"wp:attachment":[{"href":"https:\/\/www.josebernad.com\/en\/wp-json\/wp\/v2\/media?parent=523"}],"curies":[{"name":"wp","href":"https:\/\/api.w.org\/{rel}","templated":true}]}}