{"id":540,"date":"2017-02-27T09:42:30","date_gmt":"2017-02-27T09:42:30","guid":{"rendered":"http:\/\/www.bernadrefrigeracion.com\/?page_id=540\/"},"modified":"2018-10-25T07:24:57","modified_gmt":"2018-10-25T07:24:57","slug":"cold-rooms","status":"publish","type":"page","link":"https:\/\/www.josebernad.com\/en\/cold-rooms\/","title":{"rendered":"Cold Rooms"},"content":{"rendered":"<div class=\"wpb-content-wrapper\"><p>[vc_row css_animation=&#8221;&#8221; row_type=&#8221;row&#8221; use_row_as_full_screen_section=&#8221;no&#8221; type=&#8221;full_width&#8221; angled_section=&#8221;no&#8221; text_align=&#8221;left&#8221; background_image_as_pattern=&#8221;without_pattern&#8221; css=&#8221;.vc_custom_1535363897648{margin-top: 60px !important;}&#8221; z_index=&#8221;&#8221;][vc_column width=&#8221;1\/3&#8243;][vc_single_image image=&#8221;15075&#8243; img_size=&#8221;full&#8221; alignment=&#8221;center&#8221; qode_css_animation=&#8221;&#8221;][\/vc_column][vc_column width=&#8221;1\/3&#8243;][vc_single_image image=&#8221;15079&#8243; img_size=&#8221;full&#8221; alignment=&#8221;center&#8221; qode_css_animation=&#8221;&#8221;][\/vc_column][vc_column width=&#8221;1\/3&#8243;][vc_single_image image=&#8221;15431&#8243; img_size=&#8221;full&#8221; qode_css_animation=&#8221;&#8221;][\/vc_column][\/vc_row][vc_row css_animation=&#8221;&#8221; row_type=&#8221;row&#8221; use_row_as_full_screen_section=&#8221;no&#8221; type=&#8221;full_width&#8221; angled_section=&#8221;no&#8221; text_align=&#8221;left&#8221; background_image_as_pattern=&#8221;without_pattern&#8221; css=&#8221;.vc_custom_1535362253546{margin-top: 50px !important;}&#8221; z_index=&#8221;&#8221;][vc_column][vc_column_text]<\/p>\n<h2 style=\"text-align: center;\">REFRIGERATION SOLUTIONS FOR THE AGRO-ALIMENTARY INDUSTRY<\/h2>\n<h2 style=\"text-align: center;\"><\/h2>\n<p>[\/vc_column_text]<div class=\"aio-icon-component  vc_custom_1536912570445   style_1\"><div id=\"Info-box-wrap-9091\" class=\"aio-icon-box square_box-icon\" style=\"border-color:#4f4f4f;border-style:solid;background-color:rgba(221,221,221,0.7);\"  ><div class=\"aio-icon-square_box\"><div class=\"ult-just-icon-wrapper  \"><div class=\"align-icon\" style=\"text-align:center;\">\n<div class=\"aio-icon none \"  style=\"color:#0043c6;font-size:60px;display:inline-block;\">\n\t<i class=\"Defaults-chevron-down\"><\/i>\n<\/div><\/div><\/div><\/div><div class=\"aio-icon-description ult-responsive\"  data-ultimate-target='#Info-box-wrap-9091 .aio-icon-description'  data-responsive-json-new='{\"font-size\":\"\",\"line-height\":\"\"}'  style=\"\">The activity in the industrial cold industry is our core business.<\/p>\n<p>&nbsp;<\/p>\n<p><strong>Cold rooms<\/strong> are mainly designed to be used at all the range in the <strong>agro-alimentary industry<\/strong>: meat, cold meat, fish, vegetables and fruits, bread and cakes companies.<\/p>\n<p>&nbsp;<\/p>\n<p>These companies require <strong>industrial equipment<\/strong> that allow them to <strong>keep their products in optimal conditions<\/strong> to be sold in the market, so it is necessary to have an <strong>industrial cold equipment to allow the products refrigeration<\/strong> and to keep all their properties.<\/p>\n<p>&nbsp;<\/p>\n<p><em>Controlled atmosphere rooms, freezing tunnels, coolant rooms, twin track rail, cheese, cold meat and ham drying rooms, as well as detachable rooms are some of the options we offer for the agro-alimentary companies.<\/em><\/p>\n<p>&nbsp;<\/p>\n<p>At Bernad Refrigeration <strong>we adapt the offers to the client personal necessities<\/strong>, because we make sure that every project is unique and needs an individualized study for a better business adjustment.<\/p>\n<p><\/div> <!-- description --><\/div> <!-- aio-icon-box --><\/div> <!-- aio-icon-component -->[\/vc_column][\/vc_row][vc_row css_animation=&#8221;&#8221; row_type=&#8221;row&#8221; use_row_as_full_screen_section=&#8221;no&#8221; type=&#8221;full_width&#8221; angled_section=&#8221;no&#8221; text_align=&#8221;left&#8221; background_image_as_pattern=&#8221;without_pattern&#8221;][vc_column][vc_column_text]<\/p>\n<h2 style=\"text-align: center;\">COMMERCIAL REFRIGERATION<\/h2>\n<p>[\/vc_column_text]<div class=\"aio-icon-component  vc_custom_1536912311496   style_1\"><div id=\"Info-box-wrap-6211\" class=\"aio-icon-box square_box-icon\" style=\"border-color:#4f4f4f;border-style:solid;background-color:#dddddd;\"  ><div class=\"aio-icon-square_box\"><div class=\"ult-just-icon-wrapper  \"><div class=\"align-icon\" style=\"text-align:center;\">\n<div class=\"aio-icon none \"  style=\"color:#ff5700;font-size:60px;display:inline-block;\">\n\t<i class=\"Defaults-chevron-down\"><\/i>\n<\/div><\/div><\/div><\/div><div class=\"aio-icon-description ult-responsive\"  data-ultimate-target='#Info-box-wrap-6211 .aio-icon-description'  data-responsive-json-new='{\"font-size\":\"\",\"line-height\":\"\"}'  style=\"\">We offer a complete range of service for industrial cooling, as well as commercial cold works::<\/p>\n<p>&nbsp;<\/p>\n<p><\/div> <!-- description --><\/div> <!-- aio-icon-box --><\/div> <!-- aio-icon-component -->[\/vc_column][\/vc_row][vc_row css_animation=&#8221;&#8221; row_type=&#8221;row&#8221; use_row_as_full_screen_section=&#8221;no&#8221; type=&#8221;full_width&#8221; angled_section=&#8221;no&#8221; text_align=&#8221;left&#8221; background_image_as_pattern=&#8221;without_pattern&#8221; css=&#8221;.vc_custom_1536912830205{margin-bottom: 30px !important;margin-left: 10px !important;}&#8221; z_index=&#8221;&#8221;][vc_column width=&#8221;1\/2&#8243;][vc_single_image image=&#8221;15217&#8243; img_size=&#8221;medium&#8221; qode_css_animation=&#8221;&#8221;][\/vc_column][vc_column width=&#8221;1\/2&#8243;][vc_empty_space height=&#8221;62px&#8221;]<div class=\"q_icon_list\"><i class=\"qode_icon_font_awesome fa fa-arrow-right qode-ili-icon-holder circle\" style=\"font-size: 60pxpx;color: #ff5700;background-color: #ffffff;border-color:#ff5700;border-style: solid;border-width: 1px;\" ><\/i><p style=\"font-weight: 600;\">Cold glass cabinets<\/p><\/div><div class=\"q_icon_list\"><i class=\"qode_icon_font_awesome fa fa-arrow-right qode-ili-icon-holder circle\" style=\"font-size: 60pxpx;color: #0043c6;background-color: #ffffff;border-color:#0043c6;border-style: solid;border-width: 1px;\" ><\/i><p style=\"font-weight: 600;\">Cold showcases<\/p><\/div><div class=\"q_icon_list\"><i class=\"qode_icon_font_awesome fa fa-arrow-right qode-ili-icon-holder circle\" style=\"font-size: 60pxpx;color: #ff5700;background-color: #ffffff;border-color:#ff5700;border-style: solid;border-width: 1px;\" ><\/i><p style=\"font-weight: 600;\">Freezing cases<\/p><\/div><div class=\"q_icon_list\"><i class=\"qode_icon_font_awesome fa fa-arrow-right qode-ili-icon-holder circle\" style=\"font-size: 60pxpx;color: #0043c6;background-color: #ffffff;border-color:#0043c6;border-style: solid;border-width: 1px;\" ><\/i><p style=\"font-weight: 600;\">Coolant central tables<\/p><\/div><div class=\"q_icon_list\"><i class=\"qode_icon_font_awesome fa fa-arrow-right qode-ili-icon-holder circle\" style=\"font-size: 60pxpx;color: #ff5700;background-color: #ffffff;border-color:#ff5700;border-style: solid;border-width: 1px;\" ><\/i><p style=\"font-weight: 600;\">And much more...<\/p><\/div>[\/vc_column][\/vc_row][vc_row css_animation=&#8221;&#8221; row_type=&#8221;row&#8221; use_row_as_full_screen_section=&#8221;no&#8221; type=&#8221;full_width&#8221; angled_section=&#8221;no&#8221; text_align=&#8221;left&#8221; background_image_as_pattern=&#8221;without_pattern&#8221; css=&#8221;.vc_custom_1536909422371{margin-bottom: 60px !important;}&#8221; z_index=&#8221;&#8221;][vc_column]<blockquote class=' with_quote_icon' style='background-color: rgba(229,229,229,0.76);'><i class='fa fa-quote-right' style='color: #ff5700;'><\/i><h5 class='blockquote-text' style='color: #ff5700;'>Contact us and ask for a quotation without compromise.<\/h5><\/blockquote>[\/vc_column][\/vc_row]<\/p>\n<\/div>","protected":false},"excerpt":{"rendered":"<p>[vc_row css_animation=&#8221;&#8221; row_type=&#8221;row&#8221; use_row_as_full_screen_section=&#8221;no&#8221; type=&#8221;full_width&#8221; angled_section=&#8221;no&#8221; text_align=&#8221;left&#8221; background_image_as_pattern=&#8221;without_pattern&#8221; css=&#8221;.vc_custom_1535363897648{margin-top: 60px !important;}&#8221; z_index=&#8221;&#8221;][vc_column width=&#8221;1\/3&#8243;][vc_single_image image=&#8221;15075&#8243; img_size=&#8221;full&#8221; alignment=&#8221;center&#8221; qode_css_animation=&#8221;&#8221;][\/vc_column][vc_column width=&#8221;1\/3&#8243;][vc_single_image image=&#8221;15079&#8243; img_size=&#8221;full&#8221; alignment=&#8221;center&#8221; qode_css_animation=&#8221;&#8221;][\/vc_column][vc_column width=&#8221;1\/3&#8243;][vc_single_image image=&#8221;15431&#8243; img_size=&#8221;full&#8221; qode_css_animation=&#8221;&#8221;][\/vc_column][\/vc_row][vc_row css_animation=&#8221;&#8221; row_type=&#8221;row&#8221; use_row_as_full_screen_section=&#8221;no&#8221; type=&#8221;full_width&#8221; angled_section=&#8221;no&#8221; text_align=&#8221;left&#8221; background_image_as_pattern=&#8221;without_pattern&#8221; css=&#8221;.vc_custom_1535362253546{margin-top: 50px !important;}&#8221; z_index=&#8221;&#8221;][vc_column][vc_column_text] REFRIGERATION SOLUTIONS FOR THE AGRO-ALIMENTARY INDUSTRY [\/vc_column_text][\/vc_column][\/vc_row][vc_row css_animation=&#8221;&#8221;&#8230;<\/p>\n","protected":false},"author":1,"featured_media":0,"parent":0,"menu_order":0,"comment_status":"closed","ping_status":"closed","template":"","meta":{"_joinchat":[],"footnotes":""},"class_list":["post-540","page","type-page","status-publish","hentry"],"yoast_head":"<!-- This site is optimized with the Yoast SEO plugin v25.6 - https:\/\/yoast.com\/wordpress\/plugins\/seo\/ -->\n<title>Cold Rooms - Cooling Equipment \u2744 \u2022 Bernad Refrigeraci\u00f3n<\/title>\n<meta name=\"description\" content=\"\u25b6Cold rooms \u2744 are mainly designed to be used at all the range in the agro-alimentary industry: meat, cold meat, fish, vegetables and fruits, bread and cakes companies. \u2611 Controlled atmosphere rooms, freezing tunnels, coolant rooms, twin track rail, cheese, cold meat and ham drying rooms, ... \u2611\" \/>\n<meta name=\"robots\" content=\"index, follow, max-snippet:-1, max-image-preview:large, max-video-preview:-1\" \/>\n<link rel=\"canonical\" href=\"https:\/\/www.josebernad.com\/en\/cold-rooms\/\" \/>\n<meta property=\"og:locale\" content=\"en_US\" \/>\n<meta property=\"og:type\" content=\"article\" \/>\n<meta property=\"og:title\" content=\"Cold Rooms - Cooling Equipment \u2744 \u2022 Bernad Refrigeraci\u00f3n\" \/>\n<meta property=\"og:description\" content=\"\u25b6Cold rooms \u2744 are mainly designed to be used at all the range in the agro-alimentary industry: meat, cold meat, fish, vegetables and fruits, bread and cakes companies. \u2611 Controlled atmosphere rooms, freezing tunnels, coolant rooms, twin track rail, cheese, cold meat and ham drying rooms, ... \u2611\" \/>\n<meta property=\"og:url\" content=\"https:\/\/www.josebernad.com\/en\/cold-rooms\/\" \/>\n<meta property=\"og:site_name\" content=\"Jose Bernad\" \/>\n<meta property=\"article:publisher\" content=\"https:\/\/www.facebook.com\/JoseBernad.SL\/\" \/>\n<meta property=\"article:modified_time\" content=\"2018-10-25T07:24:57+00:00\" \/>\n<meta name=\"twitter:card\" content=\"summary_large_image\" \/>\n<meta name=\"twitter:site\" content=\"@josebernadsl\" \/>\n<meta name=\"twitter:label1\" content=\"Est. reading time\" \/>\n\t<meta name=\"twitter:data1\" content=\"4 minutes\" \/>\n<script type=\"application\/ld+json\" class=\"yoast-schema-graph\">{\"@context\":\"https:\/\/schema.org\",\"@graph\":[{\"@type\":\"WebPage\",\"@id\":\"https:\/\/www.josebernad.com\/en\/cold-rooms\/\",\"url\":\"https:\/\/www.josebernad.com\/en\/cold-rooms\/\",\"name\":\"Cold Rooms - Cooling Equipment \u2744 \u2022 Bernad Refrigeraci\u00f3n\",\"isPartOf\":{\"@id\":\"https:\/\/www.josebernad.com\/#website\"},\"datePublished\":\"2017-02-27T09:42:30+00:00\",\"dateModified\":\"2018-10-25T07:24:57+00:00\",\"description\":\"\u25b6Cold rooms \u2744 are mainly designed to be used at all the range in the agro-alimentary industry: meat, cold meat, fish, vegetables and fruits, bread and cakes companies. \u2611 Controlled atmosphere rooms, freezing tunnels, coolant rooms, twin track rail, cheese, cold meat and ham drying rooms, ... \u2611\",\"breadcrumb\":{\"@id\":\"https:\/\/www.josebernad.com\/en\/cold-rooms\/#breadcrumb\"},\"inLanguage\":\"en-US\",\"potentialAction\":[{\"@type\":\"ReadAction\",\"target\":[\"https:\/\/www.josebernad.com\/en\/cold-rooms\/\"]}]},{\"@type\":\"BreadcrumbList\",\"@id\":\"https:\/\/www.josebernad.com\/en\/cold-rooms\/#breadcrumb\",\"itemListElement\":[{\"@type\":\"ListItem\",\"position\":1,\"name\":\"Portada\",\"item\":\"https:\/\/www.josebernad.com\/en\/\"},{\"@type\":\"ListItem\",\"position\":2,\"name\":\"Cold Rooms\"}]},{\"@type\":\"WebSite\",\"@id\":\"https:\/\/www.josebernad.com\/#website\",\"url\":\"https:\/\/www.josebernad.com\/\",\"name\":\"Jose Bernad\",\"description\":\"Equipamiento para la industria alimentaria\",\"publisher\":{\"@id\":\"https:\/\/www.josebernad.com\/#organization\"},\"potentialAction\":[{\"@type\":\"SearchAction\",\"target\":{\"@type\":\"EntryPoint\",\"urlTemplate\":\"https:\/\/www.josebernad.com\/?s={search_term_string}\"},\"query-input\":{\"@type\":\"PropertyValueSpecification\",\"valueRequired\":true,\"valueName\":\"search_term_string\"}}],\"inLanguage\":\"en-US\"},{\"@type\":\"Organization\",\"@id\":\"https:\/\/www.josebernad.com\/#organization\",\"name\":\"Jose Bernad | Refrigeraci\u00f3n y maquinar\u00eda para hosteler\u00eda\",\"url\":\"https:\/\/www.josebernad.com\/\",\"logo\":{\"@type\":\"ImageObject\",\"inLanguage\":\"en-US\",\"@id\":\"https:\/\/www.josebernad.com\/#\/schema\/logo\/image\/\",\"url\":\"https:\/\/www.josebernad.com\/wp-content\/uploads\/2018\/08\/logo-posts-letras-gris-1.png\",\"contentUrl\":\"https:\/\/www.josebernad.com\/wp-content\/uploads\/2018\/08\/logo-posts-letras-gris-1.png\",\"width\":2048,\"height\":2048,\"caption\":\"Jose Bernad | Refrigeraci\u00f3n y maquinar\u00eda para hosteler\u00eda\"},\"image\":{\"@id\":\"https:\/\/www.josebernad.com\/#\/schema\/logo\/image\/\"},\"sameAs\":[\"https:\/\/www.facebook.com\/JoseBernad.SL\/\",\"https:\/\/x.com\/josebernadsl\",\"https:\/\/www.instagram.com\/josebernad.sl\/\",\"https:\/\/www.linkedin.com\/company\/jos-bernad-s-l-\",\"https:\/\/www.youtube.com\/channel\/UCtOUrTgFx0IOu28oaMZ28Lw\"]}]}<\/script>\n<!-- \/ Yoast SEO plugin. -->","yoast_head_json":{"title":"Cold Rooms - Cooling Equipment \u2744 \u2022 Bernad Refrigeraci\u00f3n","description":"\u25b6Cold rooms \u2744 are mainly designed to be used at all the range in the agro-alimentary industry: meat, cold meat, fish, vegetables and fruits, bread and cakes companies. \u2611 Controlled atmosphere rooms, freezing tunnels, coolant rooms, twin track rail, cheese, cold meat and ham drying rooms, ... \u2611","robots":{"index":"index","follow":"follow","max-snippet":"max-snippet:-1","max-image-preview":"max-image-preview:large","max-video-preview":"max-video-preview:-1"},"canonical":"https:\/\/www.josebernad.com\/en\/cold-rooms\/","og_locale":"en_US","og_type":"article","og_title":"Cold Rooms - Cooling Equipment \u2744 \u2022 Bernad Refrigeraci\u00f3n","og_description":"\u25b6Cold rooms \u2744 are mainly designed to be used at all the range in the agro-alimentary industry: meat, cold meat, fish, vegetables and fruits, bread and cakes companies. \u2611 Controlled atmosphere rooms, freezing tunnels, coolant rooms, twin track rail, cheese, cold meat and ham drying rooms, ... \u2611","og_url":"https:\/\/www.josebernad.com\/en\/cold-rooms\/","og_site_name":"Jose Bernad","article_publisher":"https:\/\/www.facebook.com\/JoseBernad.SL\/","article_modified_time":"2018-10-25T07:24:57+00:00","twitter_card":"summary_large_image","twitter_site":"@josebernadsl","twitter_misc":{"Est. reading time":"4 minutes"},"schema":{"@context":"https:\/\/schema.org","@graph":[{"@type":"WebPage","@id":"https:\/\/www.josebernad.com\/en\/cold-rooms\/","url":"https:\/\/www.josebernad.com\/en\/cold-rooms\/","name":"Cold Rooms - Cooling Equipment \u2744 \u2022 Bernad Refrigeraci\u00f3n","isPartOf":{"@id":"https:\/\/www.josebernad.com\/#website"},"datePublished":"2017-02-27T09:42:30+00:00","dateModified":"2018-10-25T07:24:57+00:00","description":"\u25b6Cold rooms \u2744 are mainly designed to be used at all the range in the agro-alimentary industry: meat, cold meat, fish, vegetables and fruits, bread and cakes companies. \u2611 Controlled atmosphere rooms, freezing tunnels, coolant rooms, twin track rail, cheese, cold meat and ham drying rooms, ... \u2611","breadcrumb":{"@id":"https:\/\/www.josebernad.com\/en\/cold-rooms\/#breadcrumb"},"inLanguage":"en-US","potentialAction":[{"@type":"ReadAction","target":["https:\/\/www.josebernad.com\/en\/cold-rooms\/"]}]},{"@type":"BreadcrumbList","@id":"https:\/\/www.josebernad.com\/en\/cold-rooms\/#breadcrumb","itemListElement":[{"@type":"ListItem","position":1,"name":"Portada","item":"https:\/\/www.josebernad.com\/en\/"},{"@type":"ListItem","position":2,"name":"Cold Rooms"}]},{"@type":"WebSite","@id":"https:\/\/www.josebernad.com\/#website","url":"https:\/\/www.josebernad.com\/","name":"Jose Bernad","description":"Equipamiento para la industria alimentaria","publisher":{"@id":"https:\/\/www.josebernad.com\/#organization"},"potentialAction":[{"@type":"SearchAction","target":{"@type":"EntryPoint","urlTemplate":"https:\/\/www.josebernad.com\/?s={search_term_string}"},"query-input":{"@type":"PropertyValueSpecification","valueRequired":true,"valueName":"search_term_string"}}],"inLanguage":"en-US"},{"@type":"Organization","@id":"https:\/\/www.josebernad.com\/#organization","name":"Jose Bernad | Refrigeraci\u00f3n y maquinar\u00eda para hosteler\u00eda","url":"https:\/\/www.josebernad.com\/","logo":{"@type":"ImageObject","inLanguage":"en-US","@id":"https:\/\/www.josebernad.com\/#\/schema\/logo\/image\/","url":"https:\/\/www.josebernad.com\/wp-content\/uploads\/2018\/08\/logo-posts-letras-gris-1.png","contentUrl":"https:\/\/www.josebernad.com\/wp-content\/uploads\/2018\/08\/logo-posts-letras-gris-1.png","width":2048,"height":2048,"caption":"Jose Bernad | Refrigeraci\u00f3n y maquinar\u00eda para hosteler\u00eda"},"image":{"@id":"https:\/\/www.josebernad.com\/#\/schema\/logo\/image\/"},"sameAs":["https:\/\/www.facebook.com\/JoseBernad.SL\/","https:\/\/x.com\/josebernadsl","https:\/\/www.instagram.com\/josebernad.sl\/","https:\/\/www.linkedin.com\/company\/jos-bernad-s-l-","https:\/\/www.youtube.com\/channel\/UCtOUrTgFx0IOu28oaMZ28Lw"]}]}},"_links":{"self":[{"href":"https:\/\/www.josebernad.com\/en\/wp-json\/wp\/v2\/pages\/540","targetHints":{"allow":["GET"]}}],"collection":[{"href":"https:\/\/www.josebernad.com\/en\/wp-json\/wp\/v2\/pages"}],"about":[{"href":"https:\/\/www.josebernad.com\/en\/wp-json\/wp\/v2\/types\/page"}],"author":[{"embeddable":true,"href":"https:\/\/www.josebernad.com\/en\/wp-json\/wp\/v2\/users\/1"}],"replies":[{"embeddable":true,"href":"https:\/\/www.josebernad.com\/en\/wp-json\/wp\/v2\/comments?post=540"}],"version-history":[{"count":2,"href":"https:\/\/www.josebernad.com\/en\/wp-json\/wp\/v2\/pages\/540\/revisions"}],"predecessor-version":[{"id":16910,"href":"https:\/\/www.josebernad.com\/en\/wp-json\/wp\/v2\/pages\/540\/revisions\/16910"}],"wp:attachment":[{"href":"https:\/\/www.josebernad.com\/en\/wp-json\/wp\/v2\/media?parent=540"}],"curies":[{"name":"wp","href":"https:\/\/api.w.org\/{rel}","templated":true}]}}