{"id":646,"date":"2017-04-27T07:26:59","date_gmt":"2017-04-27T07:26:59","guid":{"rendered":"http:\/\/www.bernadrefrigeracion.com\/?page_id=646\/"},"modified":"2018-11-13T08:08:27","modified_gmt":"2018-11-13T08:08:27","slug":"how-to-conserve-garlic","status":"publish","type":"page","link":"https:\/\/www.josebernad.com\/en\/how-to-conserve-garlic\/","title":{"rendered":"How to preserve garlic"},"content":{"rendered":"<div class=\"wpb-content-wrapper\"><p>[vc_row css_animation=&#8221;&#8221; row_type=&#8221;row&#8221; use_row_as_full_screen_section=&#8221;no&#8221; type=&#8221;full_width&#8221; angled_section=&#8221;no&#8221; text_align=&#8221;left&#8221; background_image_as_pattern=&#8221;without_pattern&#8221; css=&#8221;.vc_custom_1535363897648{margin-top: 60px !important;}&#8221; z_index=&#8221;&#8221;][vc_column width=&#8221;1\/6&#8243;][\/vc_column][vc_column width=&#8221;2\/3&#8243;][vc_single_image image=&#8221;16273&#8243; img_size=&#8221;full&#8221; alignment=&#8221;center&#8221; qode_css_animation=&#8221;&#8221;][\/vc_column][vc_column width=&#8221;1\/6&#8243;][\/vc_column][\/vc_row][vc_row css_animation=&#8221;&#8221; row_type=&#8221;row&#8221; use_row_as_full_screen_section=&#8221;no&#8221; type=&#8221;full_width&#8221; angled_section=&#8221;no&#8221; text_align=&#8221;left&#8221; background_image_as_pattern=&#8221;without_pattern&#8221; css=&#8221;.vc_custom_1535362253546{margin-top: 50px !important;}&#8221; z_index=&#8221;&#8221;][vc_column width=&#8221;1\/2&#8243;][vc_column_text]<\/p>\n<h2 style=\"text-align: center;\">COOLING ROOMS FOR GARLIC<\/h2>\n<p>[\/vc_column_text]<div class=\"aio-icon-component  vc_custom_1535363877137   style_1\"><div id=\"Info-box-wrap-4595\" class=\"aio-icon-box square_box-icon\" style=\"border-color:#4f4f4f;border-style:solid;background-color:rgba(221,221,221,0.7);\"  ><div class=\"aio-icon-square_box\"><div class=\"ult-just-icon-wrapper  \"><div class=\"align-icon\" style=\"text-align:center;\">\n<div class=\"aio-icon none \"  style=\"color:#0043c6;font-size:60px;display:inline-block;\">\n\t<i class=\"Defaults-chevron-down\"><\/i>\n<\/div><\/div><\/div><\/div><div class=\"aio-icon-description ult-responsive\"  data-ultimate-target='#Info-box-wrap-4595 .aio-icon-description'  data-responsive-json-new='{\"font-size\":\"\",\"line-height\":\"\"}'  style=\"\"><strong>Garlic<\/strong> is a plant included in the onion plant family, original from Central Asia and it is one of the oldest plant in the world, being the Egyptians the first to cultivate it.<\/p>\n<p>There are different types of garlic and each variety will need different temperature and periods of preservation.<\/p>\n<p>&nbsp;<\/p>\n<p>The Garlic types depend on its neck and color.<\/p>\n<p>&nbsp;<\/p>\n<p>If we take into account the neck we can find varieties such as German Garlic and Spanish red rocambole which can be preserved for 6 months. On the other hand, garlic with soft neck such as New Yor white and Inchellium red varieties can be preserved for a longer time. And last but not least, Susanville variety is the best garlic variety to be preserved.<\/p>\n<p>&nbsp;<\/p>\n<p>Depending on its color, it could be:<\/p>\n<p><strong> rose, violet, purple, white and brown, red, and black.<\/strong><\/div> <!-- description --><\/div> <!-- aio-icon-box --><\/div> <!-- aio-icon-component -->[\/vc_column][vc_column width=&#8221;1\/2&#8243;][vc_column_text]<\/p>\n<h2 style=\"text-align: center;\">PRESERVATION<\/h2>\n<p>[\/vc_column_text]<div class=\"aio-icon-component  vc_custom_1542096305192   style_1\"><div id=\"Info-box-wrap-9332\" class=\"aio-icon-box square_box-icon\" style=\"border-color:#4f4f4f;border-style:solid;background-color:#dddddd;\"  ><div class=\"aio-icon-square_box\"><div class=\"ult-just-icon-wrapper  \"><div class=\"align-icon\" style=\"text-align:center;\">\n<div class=\"aio-icon none \"  style=\"color:#ff5700;font-size:60px;display:inline-block;\">\n\t<i class=\"Defaults-chevron-down\"><\/i>\n<\/div><\/div><\/div><\/div><div class=\"aio-icon-description ult-responsive\"  data-ultimate-target='#Info-box-wrap-9332 .aio-icon-description'  data-responsive-json-new='{\"font-size\":\"\",\"line-height\":\"\"}'  style=\"\"><strong>Chillers and cooling rooms<\/strong> used for <strong>garlic<\/strong> are more important day by day, because a right <strong>coolant conservation <\/strong>gives a longer life to the <strong>garlic<\/strong>, so it is really important to make a good <strong>cooling installation<\/strong> and a right storage to have a good product for consumption.<\/p>\n<p>&nbsp;<\/p>\n<p>Optimal conditions for <strong>garlic<\/strong> storage is -3\u00baC and 70%RH and it is also important to have a correct air circulation all around the <strong>room<\/strong>, avoiding the humidity accumulation what should damage the product.<\/p>\n<p>&nbsp;<\/p>\n<p>Inside the rooms <strong>garlic<\/strong> grows slowly, so it is really important not to break the cold chain, once broken the time to sell <strong>garlic<\/strong> depends on when it was taken out of the room, if we take it out early we will have several weeks and if we do it late we will have some days.<\/div> <!-- description --><\/div> <!-- aio-icon-box --><\/div> <!-- aio-icon-component -->[\/vc_column][\/vc_row][vc_row css_animation=&#8221;&#8221; row_type=&#8221;row&#8221; use_row_as_full_screen_section=&#8221;no&#8221; type=&#8221;full_width&#8221; angled_section=&#8221;no&#8221; text_align=&#8221;left&#8221; background_image_as_pattern=&#8221;without_pattern&#8221; css=&#8221;.vc_custom_1542096343898{margin-bottom: 40px !important;}&#8221; z_index=&#8221;&#8221;][vc_column][vc_column_text]<\/p>\n<h2 style=\"text-align: center;\">WHAT YOU MUST KNOW<\/h2>\n<p>[\/vc_column_text][vc_empty_space]<div class=\"q_icon_list\"><i class=\"qode_icon_font_awesome fa fa-arrow-right qode-ili-icon-holder circle\" style=\"font-size: 60pxpx;color: #ff5700;background-color: #ffffff;border-color:#ff5700;border-style: solid;border-width: 1px;\" ><\/i><p style=\"font-weight: 600;\">Abrupt change in temperature can damage the product, so it is recommended to do a pre-coolant before storage.<\/p><\/div><div class=\"q_icon_list\"><i class=\"qode_icon_font_awesome fa fa-arrow-right qode-ili-icon-holder circle\" style=\"font-size: 60pxpx;color: #0043c6;background-color: #ffffff;border-color:#0043c6;border-style: solid;border-width: 1px;\" ><\/i><p style=\"font-weight: 600;\">It is really important to make a good cooling installation and a right storage to have a good product for consumption.<\/p><\/div>[\/vc_column][\/vc_row]<\/p>\n<\/div>","protected":false},"excerpt":{"rendered":"<p>[vc_row css_animation=&#8221;&#8221; row_type=&#8221;row&#8221; use_row_as_full_screen_section=&#8221;no&#8221; type=&#8221;full_width&#8221; angled_section=&#8221;no&#8221; text_align=&#8221;left&#8221; background_image_as_pattern=&#8221;without_pattern&#8221; css=&#8221;.vc_custom_1535363897648{margin-top: 60px !important;}&#8221; z_index=&#8221;&#8221;][vc_column width=&#8221;1\/6&#8243;][\/vc_column][vc_column width=&#8221;2\/3&#8243;][vc_single_image image=&#8221;16273&#8243; img_size=&#8221;full&#8221; alignment=&#8221;center&#8221; qode_css_animation=&#8221;&#8221;][\/vc_column][vc_column width=&#8221;1\/6&#8243;][\/vc_column][\/vc_row][vc_row css_animation=&#8221;&#8221; row_type=&#8221;row&#8221; use_row_as_full_screen_section=&#8221;no&#8221; type=&#8221;full_width&#8221; angled_section=&#8221;no&#8221; text_align=&#8221;left&#8221; background_image_as_pattern=&#8221;without_pattern&#8221; css=&#8221;.vc_custom_1535362253546{margin-top: 50px !important;}&#8221; z_index=&#8221;&#8221;][vc_column width=&#8221;1\/2&#8243;][vc_column_text] COOLING ROOMS FOR GARLIC [\/vc_column_text][\/vc_column][vc_column width=&#8221;1\/2&#8243;][vc_column_text] PRESERVATION [\/vc_column_text][\/vc_column][\/vc_row][vc_row css_animation=&#8221;&#8221; row_type=&#8221;row&#8221; use_row_as_full_screen_section=&#8221;no&#8221; type=&#8221;full_width&#8221; angled_section=&#8221;no&#8221; text_align=&#8221;left&#8221;&#8230;<\/p>\n","protected":false},"author":1,"featured_media":0,"parent":0,"menu_order":0,"comment_status":"closed","ping_status":"closed","template":"","meta":{"_joinchat":[],"footnotes":""},"class_list":["post-646","page","type-page","status-publish","hentry"],"yoast_head":"<!-- This site is optimized with the Yoast SEO plugin v25.6 - https:\/\/yoast.com\/wordpress\/plugins\/seo\/ -->\n<title>How to preserve garlic - Jose Bernad<\/title>\n<meta name=\"description\" content=\"?There are different types of garlic that need different temperatures and periods of preservation.? Cooling rooms for garlic are very important because a right coolant conservation gives a longer life to the garlic. Find out our cooling rooms for garlic now! \u21aa\" \/>\n<meta name=\"robots\" content=\"index, follow, max-snippet:-1, max-image-preview:large, max-video-preview:-1\" \/>\n<link rel=\"canonical\" href=\"https:\/\/www.josebernad.com\/en\/how-to-conserve-garlic\/\" \/>\n<meta property=\"og:locale\" content=\"en_US\" \/>\n<meta property=\"og:type\" content=\"article\" \/>\n<meta property=\"og:title\" content=\"How to preserve garlic - Jose Bernad\" \/>\n<meta property=\"og:description\" content=\"?There are different types of garlic that need different temperatures and periods of preservation.? Cooling rooms for garlic are very important because a right coolant conservation gives a longer life to the garlic. Find out our cooling rooms for garlic now! \u21aa\" \/>\n<meta property=\"og:url\" content=\"https:\/\/www.josebernad.com\/en\/how-to-conserve-garlic\/\" \/>\n<meta property=\"og:site_name\" content=\"Jose Bernad\" \/>\n<meta property=\"article:publisher\" content=\"https:\/\/www.facebook.com\/JoseBernad.SL\/\" \/>\n<meta property=\"article:modified_time\" content=\"2018-11-13T08:08:27+00:00\" \/>\n<meta name=\"twitter:card\" content=\"summary_large_image\" \/>\n<meta name=\"twitter:site\" content=\"@josebernadsl\" \/>\n<meta name=\"twitter:label1\" content=\"Est. reading time\" \/>\n\t<meta name=\"twitter:data1\" content=\"3 minutes\" \/>\n<script type=\"application\/ld+json\" class=\"yoast-schema-graph\">{\"@context\":\"https:\/\/schema.org\",\"@graph\":[{\"@type\":\"WebPage\",\"@id\":\"https:\/\/www.josebernad.com\/en\/how-to-conserve-garlic\/\",\"url\":\"https:\/\/www.josebernad.com\/en\/how-to-conserve-garlic\/\",\"name\":\"How to preserve garlic - Jose Bernad\",\"isPartOf\":{\"@id\":\"https:\/\/www.josebernad.com\/#website\"},\"datePublished\":\"2017-04-27T07:26:59+00:00\",\"dateModified\":\"2018-11-13T08:08:27+00:00\",\"description\":\"?There are different types of garlic that need different temperatures and periods of preservation.? Cooling rooms for garlic are very important because a right coolant conservation gives a longer life to the garlic. Find out our cooling rooms for garlic now! \u21aa\",\"breadcrumb\":{\"@id\":\"https:\/\/www.josebernad.com\/en\/how-to-conserve-garlic\/#breadcrumb\"},\"inLanguage\":\"en-US\",\"potentialAction\":[{\"@type\":\"ReadAction\",\"target\":[\"https:\/\/www.josebernad.com\/en\/how-to-conserve-garlic\/\"]}]},{\"@type\":\"BreadcrumbList\",\"@id\":\"https:\/\/www.josebernad.com\/en\/how-to-conserve-garlic\/#breadcrumb\",\"itemListElement\":[{\"@type\":\"ListItem\",\"position\":1,\"name\":\"Portada\",\"item\":\"https:\/\/www.josebernad.com\/en\/\"},{\"@type\":\"ListItem\",\"position\":2,\"name\":\"How to preserve garlic\"}]},{\"@type\":\"WebSite\",\"@id\":\"https:\/\/www.josebernad.com\/#website\",\"url\":\"https:\/\/www.josebernad.com\/\",\"name\":\"Jose Bernad\",\"description\":\"Equipamiento para la industria alimentaria\",\"publisher\":{\"@id\":\"https:\/\/www.josebernad.com\/#organization\"},\"potentialAction\":[{\"@type\":\"SearchAction\",\"target\":{\"@type\":\"EntryPoint\",\"urlTemplate\":\"https:\/\/www.josebernad.com\/?s={search_term_string}\"},\"query-input\":{\"@type\":\"PropertyValueSpecification\",\"valueRequired\":true,\"valueName\":\"search_term_string\"}}],\"inLanguage\":\"en-US\"},{\"@type\":\"Organization\",\"@id\":\"https:\/\/www.josebernad.com\/#organization\",\"name\":\"Jose Bernad | Refrigeraci\u00f3n y maquinar\u00eda para hosteler\u00eda\",\"url\":\"https:\/\/www.josebernad.com\/\",\"logo\":{\"@type\":\"ImageObject\",\"inLanguage\":\"en-US\",\"@id\":\"https:\/\/www.josebernad.com\/#\/schema\/logo\/image\/\",\"url\":\"https:\/\/www.josebernad.com\/wp-content\/uploads\/2018\/08\/logo-posts-letras-gris-1.png\",\"contentUrl\":\"https:\/\/www.josebernad.com\/wp-content\/uploads\/2018\/08\/logo-posts-letras-gris-1.png\",\"width\":2048,\"height\":2048,\"caption\":\"Jose Bernad | Refrigeraci\u00f3n y maquinar\u00eda para hosteler\u00eda\"},\"image\":{\"@id\":\"https:\/\/www.josebernad.com\/#\/schema\/logo\/image\/\"},\"sameAs\":[\"https:\/\/www.facebook.com\/JoseBernad.SL\/\",\"https:\/\/x.com\/josebernadsl\",\"https:\/\/www.instagram.com\/josebernad.sl\/\",\"https:\/\/www.linkedin.com\/company\/jos-bernad-s-l-\",\"https:\/\/www.youtube.com\/channel\/UCtOUrTgFx0IOu28oaMZ28Lw\"]}]}<\/script>\n<!-- \/ Yoast SEO plugin. -->","yoast_head_json":{"title":"How to preserve garlic - Jose Bernad","description":"?There are different types of garlic that need different temperatures and periods of preservation.? Cooling rooms for garlic are very important because a right coolant conservation gives a longer life to the garlic. Find out our cooling rooms for garlic now! \u21aa","robots":{"index":"index","follow":"follow","max-snippet":"max-snippet:-1","max-image-preview":"max-image-preview:large","max-video-preview":"max-video-preview:-1"},"canonical":"https:\/\/www.josebernad.com\/en\/how-to-conserve-garlic\/","og_locale":"en_US","og_type":"article","og_title":"How to preserve garlic - Jose Bernad","og_description":"?There are different types of garlic that need different temperatures and periods of preservation.? Cooling rooms for garlic are very important because a right coolant conservation gives a longer life to the garlic. Find out our cooling rooms for garlic now! \u21aa","og_url":"https:\/\/www.josebernad.com\/en\/how-to-conserve-garlic\/","og_site_name":"Jose Bernad","article_publisher":"https:\/\/www.facebook.com\/JoseBernad.SL\/","article_modified_time":"2018-11-13T08:08:27+00:00","twitter_card":"summary_large_image","twitter_site":"@josebernadsl","twitter_misc":{"Est. reading time":"3 minutes"},"schema":{"@context":"https:\/\/schema.org","@graph":[{"@type":"WebPage","@id":"https:\/\/www.josebernad.com\/en\/how-to-conserve-garlic\/","url":"https:\/\/www.josebernad.com\/en\/how-to-conserve-garlic\/","name":"How to preserve garlic - Jose Bernad","isPartOf":{"@id":"https:\/\/www.josebernad.com\/#website"},"datePublished":"2017-04-27T07:26:59+00:00","dateModified":"2018-11-13T08:08:27+00:00","description":"?There are different types of garlic that need different temperatures and periods of preservation.? Cooling rooms for garlic are very important because a right coolant conservation gives a longer life to the garlic. Find out our cooling rooms for garlic now! \u21aa","breadcrumb":{"@id":"https:\/\/www.josebernad.com\/en\/how-to-conserve-garlic\/#breadcrumb"},"inLanguage":"en-US","potentialAction":[{"@type":"ReadAction","target":["https:\/\/www.josebernad.com\/en\/how-to-conserve-garlic\/"]}]},{"@type":"BreadcrumbList","@id":"https:\/\/www.josebernad.com\/en\/how-to-conserve-garlic\/#breadcrumb","itemListElement":[{"@type":"ListItem","position":1,"name":"Portada","item":"https:\/\/www.josebernad.com\/en\/"},{"@type":"ListItem","position":2,"name":"How to preserve garlic"}]},{"@type":"WebSite","@id":"https:\/\/www.josebernad.com\/#website","url":"https:\/\/www.josebernad.com\/","name":"Jose Bernad","description":"Equipamiento para la industria alimentaria","publisher":{"@id":"https:\/\/www.josebernad.com\/#organization"},"potentialAction":[{"@type":"SearchAction","target":{"@type":"EntryPoint","urlTemplate":"https:\/\/www.josebernad.com\/?s={search_term_string}"},"query-input":{"@type":"PropertyValueSpecification","valueRequired":true,"valueName":"search_term_string"}}],"inLanguage":"en-US"},{"@type":"Organization","@id":"https:\/\/www.josebernad.com\/#organization","name":"Jose Bernad | Refrigeraci\u00f3n y maquinar\u00eda para hosteler\u00eda","url":"https:\/\/www.josebernad.com\/","logo":{"@type":"ImageObject","inLanguage":"en-US","@id":"https:\/\/www.josebernad.com\/#\/schema\/logo\/image\/","url":"https:\/\/www.josebernad.com\/wp-content\/uploads\/2018\/08\/logo-posts-letras-gris-1.png","contentUrl":"https:\/\/www.josebernad.com\/wp-content\/uploads\/2018\/08\/logo-posts-letras-gris-1.png","width":2048,"height":2048,"caption":"Jose Bernad | Refrigeraci\u00f3n y maquinar\u00eda para hosteler\u00eda"},"image":{"@id":"https:\/\/www.josebernad.com\/#\/schema\/logo\/image\/"},"sameAs":["https:\/\/www.facebook.com\/JoseBernad.SL\/","https:\/\/x.com\/josebernadsl","https:\/\/www.instagram.com\/josebernad.sl\/","https:\/\/www.linkedin.com\/company\/jos-bernad-s-l-","https:\/\/www.youtube.com\/channel\/UCtOUrTgFx0IOu28oaMZ28Lw"]}]}},"_links":{"self":[{"href":"https:\/\/www.josebernad.com\/en\/wp-json\/wp\/v2\/pages\/646","targetHints":{"allow":["GET"]}}],"collection":[{"href":"https:\/\/www.josebernad.com\/en\/wp-json\/wp\/v2\/pages"}],"about":[{"href":"https:\/\/www.josebernad.com\/en\/wp-json\/wp\/v2\/types\/page"}],"author":[{"embeddable":true,"href":"https:\/\/www.josebernad.com\/en\/wp-json\/wp\/v2\/users\/1"}],"replies":[{"embeddable":true,"href":"https:\/\/www.josebernad.com\/en\/wp-json\/wp\/v2\/comments?post=646"}],"version-history":[{"count":5,"href":"https:\/\/www.josebernad.com\/en\/wp-json\/wp\/v2\/pages\/646\/revisions"}],"predecessor-version":[{"id":17065,"href":"https:\/\/www.josebernad.com\/en\/wp-json\/wp\/v2\/pages\/646\/revisions\/17065"}],"wp:attachment":[{"href":"https:\/\/www.josebernad.com\/en\/wp-json\/wp\/v2\/media?parent=646"}],"curies":[{"name":"wp","href":"https:\/\/api.w.org\/{rel}","templated":true}]}}