{"id":653,"date":"2017-04-27T07:42:23","date_gmt":"2017-04-27T07:42:23","guid":{"rendered":"http:\/\/www.bernadrefrigeracion.com\/?page_id=653\/"},"modified":"2018-11-13T08:39:17","modified_gmt":"2018-11-13T08:39:17","slug":"dairy-products-preservation","status":"publish","type":"page","link":"https:\/\/www.josebernad.com\/en\/dairy-products-preservation\/","title":{"rendered":"How to preserve dairy products"},"content":{"rendered":"<div class=\"wpb-content-wrapper\"><p>[vc_row css_animation=&#8221;&#8221; row_type=&#8221;row&#8221; use_row_as_full_screen_section=&#8221;no&#8221; type=&#8221;full_width&#8221; angled_section=&#8221;no&#8221; text_align=&#8221;left&#8221; background_image_as_pattern=&#8221;without_pattern&#8221; css=&#8221;.vc_custom_1535363897648{margin-top: 60px !important;}&#8221; z_index=&#8221;&#8221;][vc_column width=&#8221;1\/6&#8243;][\/vc_column][vc_column width=&#8221;2\/3&#8243;][vc_single_image image=&#8221;16311&#8243; img_size=&#8221;full&#8221; alignment=&#8221;center&#8221; qode_css_animation=&#8221;&#8221;][\/vc_column][vc_column width=&#8221;1\/6&#8243;][\/vc_column][\/vc_row][vc_row css_animation=&#8221;&#8221; row_type=&#8221;row&#8221; use_row_as_full_screen_section=&#8221;no&#8221; type=&#8221;full_width&#8221; angled_section=&#8221;no&#8221; text_align=&#8221;left&#8221; background_image_as_pattern=&#8221;without_pattern&#8221; css=&#8221;.vc_custom_1535362253546{margin-top: 50px !important;}&#8221; z_index=&#8221;&#8221;][vc_column width=&#8221;1\/2&#8243;][vc_column_text]<\/p>\n<h2 style=\"text-align: center;\">COLD ROOMS FOR DAIRY PRODUCTS<\/h2>\n<p>[\/vc_column_text]<div class=\"aio-icon-component  vc_custom_1535439078840   style_1\"><div id=\"Info-box-wrap-3473\" class=\"aio-icon-box square_box-icon\" style=\"border-color:#4f4f4f;border-style:solid;background-color:rgba(221,221,221,0.7);\"  ><div class=\"aio-icon-square_box\"><div class=\"ult-just-icon-wrapper  \"><div class=\"align-icon\" style=\"text-align:center;\">\n<div class=\"aio-icon none \"  style=\"color:#0043c6;font-size:60px;display:inline-block;\">\n\t<i class=\"Defaults-chevron-down\"><\/i>\n<\/div><\/div><\/div><\/div><div class=\"aio-icon-description ult-responsive\"  data-ultimate-target='#Info-box-wrap-3473 .aio-icon-description'  data-responsive-json-new='{\"font-size\":\"\",\"line-height\":\"\"}'  style=\"\">The <strong>Refrigeration <\/strong>for the <strong>Dairy<\/strong> sector, specifically the <strong>cheese<\/strong> sector, is one of our most demanded sectors and where we count with more than 30 years of experience.<\/p>\n<p>&nbsp;<\/p>\n<p><strong>Cheese<\/strong> can be defined as the resultant product of a selective concentration of milk components, through a coagulation and extraction of a serum that carries the soluble components of the milk.<\/p>\n<p>&nbsp;<\/p>\n<p>Through manipulations of the obtained curd, the use of special temperatures of maturation and others agents, it is possible to make a huge quantity of cheese with different properties and compositions.<\/p>\n<p>&nbsp;<\/p>\n<p>There are several groups of <strong>cheese<\/strong> according to the <strong><em>coagulation form, texture, consistency, elaboration of curd, maturation form, etc\u2026<\/em><\/strong><\/p>\n<p>&nbsp;<\/p>\n<p>The milk quality is very important to make high quality cheese, where all known varieties of cheese have their common origin in\u00a0 milk.<\/div> <!-- description --><\/div> <!-- aio-icon-box --><\/div> <!-- aio-icon-component -->[vc_column_text]<\/p>\n<h2 style=\"text-align: center;\">\u00a0<strong>HUMIDITY CONTROL<\/strong><\/h2>\n<p>[\/vc_column_text]<div class=\"aio-icon-component  vc_custom_1535439294250   style_1\"><div id=\"Info-box-wrap-8016\" class=\"aio-icon-box square_box-icon\" style=\"border-color:#4f4f4f;border-style:solid;background-color:#dddddd;\"  ><div class=\"aio-icon-square_box\"><div class=\"ult-just-icon-wrapper  \"><div class=\"align-icon\" style=\"text-align:center;\">\n<div class=\"aio-icon none \"  style=\"color:#ff5700;font-size:60px;display:inline-block;\">\n\t<i class=\"Defaults-chevron-down\"><\/i>\n<\/div><\/div><\/div><\/div><div class=\"aio-icon-description ult-responsive\"  data-ultimate-target='#Info-box-wrap-8016 .aio-icon-description'  data-responsive-json-new='{\"font-size\":\"\",\"line-height\":\"\"}'  style=\"\">Humidity is other important factor to get a quality product. Recommended humidity for each <strong><em>type of cheese<\/em><\/strong> is:<\/p>\n<p>&nbsp;<\/p>\n<ul>\n<li><strong>Soft cheese<\/strong> and matured by fungi\u202695%<\/li>\n<li>Open texture <strong>cheese<\/strong> and <strong>semi-hard<\/strong> \u202690%<\/li>\n<li><strong>Hard cheese<\/strong> and closed texture\u2026.85%<\/li>\n<\/ul>\n<p><\/div> <!-- description --><\/div> <!-- aio-icon-box --><\/div> <!-- aio-icon-component -->[\/vc_column][vc_column width=&#8221;1\/2&#8243;][vc_column_text]<\/p>\n<h2 style=\"text-align: center;\">STAGES OF THE ELABORATION<\/h2>\n<p>[\/vc_column_text]<div class=\"aio-icon-component  vc_custom_1535439168475   style_1\"><div id=\"Info-box-wrap-3551\" class=\"aio-icon-box square_box-icon\" style=\"border-color:#4f4f4f;border-style:solid;background-color:#dddddd;\"  ><div class=\"aio-icon-square_box\"><div class=\"ult-just-icon-wrapper  \"><div class=\"align-icon\" style=\"text-align:center;\">\n<div class=\"aio-icon none \"  style=\"color:#ff5700;font-size:60px;display:inline-block;\">\n\t<i class=\"Defaults-chevron-down\"><\/i>\n<\/div><\/div><\/div><\/div><div class=\"aio-icon-description ult-responsive\"  data-ultimate-target='#Info-box-wrap-3551 .aio-icon-description'  data-responsive-json-new='{\"font-size\":\"\",\"line-height\":\"\"}'  style=\"\"><\/p>\n<ul>\n<li>Pretreatment of the milk (standardization, pasteurization and additives added).<\/li>\n<li>Filling the vessel.<\/li>\n<li>Coagulation<\/li>\n<li>Cut of curd.<\/li>\n<li>Partial draining<\/li>\n<li>Curd Cooking<\/li>\n<li>Serum Draining<\/li>\n<li>Pre-pressing<\/li>\n<li>Mold<\/li>\n<li>Pressing<\/li>\n<li>Salty<\/li>\n<li>Maturation<\/li>\n<li>Distribution<\/li>\n<\/ul>\n<p><\/div> <!-- description --><\/div> <!-- aio-icon-box --><\/div> <!-- aio-icon-component -->[vc_column_text]<\/p>\n<h2 style=\"text-align: center;\"><strong>MATURATION<\/strong><\/h2>\n<p>[\/vc_column_text]<div class=\"aio-icon-component  vc_custom_1535439217065   style_1\"><div id=\"Info-box-wrap-8373\" class=\"aio-icon-box square_box-icon\" style=\"border-color:#4f4f4f;border-style:solid;background-color:rgba(221,221,221,0.7);\"  ><div class=\"aio-icon-square_box\"><div class=\"ult-just-icon-wrapper  \"><div class=\"align-icon\" style=\"text-align:center;\">\n<div class=\"aio-icon none \"  style=\"color:#0043c6;font-size:60px;display:inline-block;\">\n\t<i class=\"Defaults-chevron-down\"><\/i>\n<\/div><\/div><\/div><\/div><div class=\"aio-icon-description ult-responsive\"  data-ultimate-target='#Info-box-wrap-8373 .aio-icon-description'  data-responsive-json-new='{\"font-size\":\"\",\"line-height\":\"\"}'  style=\"\">Some types of <strong>cheese<\/strong>, like <em>creme cheese<\/em>, are ready for the immeadiate consumption after the elaboration of curd, however most types of cheese require a resting time in the right conditions and controlled in <strong>cold rooms<\/strong> to get the typical characteristics of <strong><em>flavour, colour, body, texture and smell. <\/em><\/strong><\/p>\n<p>&nbsp;<\/p>\n<p>The most common temperature of maturation oscillates between 4 and 15\u00baC, depending on the <strong><em>type of cheese<\/em><\/strong>.<\/p>\n<p>&nbsp;<\/p>\n<p>The high maturation temperatures accelerate the process but damages the quality of the product.<\/div> <!-- description --><\/div> <!-- aio-icon-box --><\/div> <!-- aio-icon-component -->[\/vc_column][\/vc_row][vc_row css_animation=&#8221;&#8221; row_type=&#8221;row&#8221; use_row_as_full_screen_section=&#8221;no&#8221; type=&#8221;full_width&#8221; angled_section=&#8221;no&#8221; text_align=&#8221;left&#8221; background_image_as_pattern=&#8221;without_pattern&#8221; css=&#8221;.vc_custom_1535450727380{margin-bottom: 100px !important;}&#8221; z_index=&#8221;&#8221;][vc_column][vc_column_text]<\/p>\n<h2 style=\"text-align: center;\">WHAT YOU MUST KNOW<\/h2>\n<p>[\/vc_column_text][vc_empty_space]<div class=\"q_icon_list\"><i class=\"qode_icon_font_awesome fa fa-arrow-right qode-ili-icon-holder circle\" style=\"font-size: 60pxpx;color: #ff5700;background-color: #ffffff;border-color:#ff5700;border-style: solid;border-width: 1px;\" ><\/i><p style=\"font-weight: 600;\">An excessive humidity produces a condensation that prevent shell formation and favors the growth of superficial fungi.<\/p><\/div><div class=\"q_icon_list\"><i class=\"qode_icon_font_awesome fa fa-arrow-right qode-ili-icon-holder circle\" style=\"font-size: 60pxpx;color: #0043c6;background-color: #ffffff;border-color:#0043c6;border-style: solid;border-width: 1px;\" ><\/i><p style=\"font-weight: 600;\">If humidity is very low causes crack in the shell.<\/p><\/div>[\/vc_column][\/vc_row]<\/p>\n<\/div>","protected":false},"excerpt":{"rendered":"<p>[vc_row css_animation=&#8221;&#8221; row_type=&#8221;row&#8221; use_row_as_full_screen_section=&#8221;no&#8221; type=&#8221;full_width&#8221; angled_section=&#8221;no&#8221; text_align=&#8221;left&#8221; background_image_as_pattern=&#8221;without_pattern&#8221; css=&#8221;.vc_custom_1535363897648{margin-top: 60px !important;}&#8221; z_index=&#8221;&#8221;][vc_column width=&#8221;1\/6&#8243;][\/vc_column][vc_column width=&#8221;2\/3&#8243;][vc_single_image image=&#8221;16311&#8243; img_size=&#8221;full&#8221; alignment=&#8221;center&#8221; qode_css_animation=&#8221;&#8221;][\/vc_column][vc_column width=&#8221;1\/6&#8243;][\/vc_column][\/vc_row][vc_row css_animation=&#8221;&#8221; row_type=&#8221;row&#8221; use_row_as_full_screen_section=&#8221;no&#8221; type=&#8221;full_width&#8221; angled_section=&#8221;no&#8221; text_align=&#8221;left&#8221; background_image_as_pattern=&#8221;without_pattern&#8221; css=&#8221;.vc_custom_1535362253546{margin-top: 50px !important;}&#8221; z_index=&#8221;&#8221;][vc_column width=&#8221;1\/2&#8243;][vc_column_text] COLD ROOMS FOR DAIRY PRODUCTS [\/vc_column_text][vc_column_text] \u00a0HUMIDITY CONTROL [\/vc_column_text][\/vc_column][vc_column width=&#8221;1\/2&#8243;][vc_column_text] STAGES OF THE ELABORATION&#8230;<\/p>\n","protected":false},"author":1,"featured_media":0,"parent":0,"menu_order":0,"comment_status":"closed","ping_status":"closed","template":"","meta":{"_joinchat":[],"footnotes":""},"class_list":["post-653","page","type-page","status-publish","hentry"],"yoast_head":"<!-- This site is optimized with the Yoast SEO plugin v25.6 - https:\/\/yoast.com\/wordpress\/plugins\/seo\/ -->\n<title>Dairy Products Preservation ? - Cold Rooms \u2022 Bernad Refrigeraci\u00f3n<\/title>\n<meta name=\"description\" content=\"\u25b6 Dairy Products preservation and maturing is made with cold rooms and drying rooms. \u2611 Most types of cheese ? require a resting time in the right conditions, controlled in cold rooms to get the typical characteristics of flavour, colour, body, texture and smell. \u2611\" \/>\n<meta name=\"robots\" content=\"index, follow, max-snippet:-1, max-image-preview:large, max-video-preview:-1\" \/>\n<link rel=\"canonical\" href=\"https:\/\/www.josebernad.com\/en\/dairy-products-preservation\/\" \/>\n<meta property=\"og:locale\" content=\"en_US\" \/>\n<meta property=\"og:type\" content=\"article\" \/>\n<meta property=\"og:title\" content=\"Dairy Products Preservation ? - Cold Rooms \u2022 Bernad Refrigeraci\u00f3n\" \/>\n<meta property=\"og:description\" content=\"\u25b6 Dairy Products preservation and maturing is made with cold rooms and drying rooms. \u2611 Most types of cheese ? require a resting time in the right conditions, controlled in cold rooms to get the typical characteristics of flavour, colour, body, texture and smell. \u2611\" \/>\n<meta property=\"og:url\" content=\"https:\/\/www.josebernad.com\/en\/dairy-products-preservation\/\" \/>\n<meta property=\"og:site_name\" content=\"Jose Bernad\" \/>\n<meta property=\"article:publisher\" content=\"https:\/\/www.facebook.com\/JoseBernad.SL\/\" \/>\n<meta property=\"article:modified_time\" content=\"2018-11-13T08:39:17+00:00\" \/>\n<meta name=\"twitter:card\" content=\"summary_large_image\" \/>\n<meta name=\"twitter:site\" content=\"@josebernadsl\" \/>\n<meta name=\"twitter:label1\" content=\"Est. reading time\" \/>\n\t<meta name=\"twitter:data1\" content=\"4 minutes\" \/>\n<script type=\"application\/ld+json\" class=\"yoast-schema-graph\">{\"@context\":\"https:\/\/schema.org\",\"@graph\":[{\"@type\":\"WebPage\",\"@id\":\"https:\/\/www.josebernad.com\/en\/dairy-products-preservation\/\",\"url\":\"https:\/\/www.josebernad.com\/en\/dairy-products-preservation\/\",\"name\":\"Dairy Products Preservation ? - Cold Rooms \u2022 Bernad Refrigeraci\u00f3n\",\"isPartOf\":{\"@id\":\"https:\/\/www.josebernad.com\/#website\"},\"datePublished\":\"2017-04-27T07:42:23+00:00\",\"dateModified\":\"2018-11-13T08:39:17+00:00\",\"description\":\"\u25b6 Dairy Products preservation and maturing is made with cold rooms and drying rooms. \u2611 Most types of cheese ? require a resting time in the right conditions, controlled in cold rooms to get the typical characteristics of flavour, colour, body, texture and smell. \u2611\",\"breadcrumb\":{\"@id\":\"https:\/\/www.josebernad.com\/en\/dairy-products-preservation\/#breadcrumb\"},\"inLanguage\":\"en-US\",\"potentialAction\":[{\"@type\":\"ReadAction\",\"target\":[\"https:\/\/www.josebernad.com\/en\/dairy-products-preservation\/\"]}]},{\"@type\":\"BreadcrumbList\",\"@id\":\"https:\/\/www.josebernad.com\/en\/dairy-products-preservation\/#breadcrumb\",\"itemListElement\":[{\"@type\":\"ListItem\",\"position\":1,\"name\":\"Portada\",\"item\":\"https:\/\/www.josebernad.com\/en\/\"},{\"@type\":\"ListItem\",\"position\":2,\"name\":\"How to preserve dairy products\"}]},{\"@type\":\"WebSite\",\"@id\":\"https:\/\/www.josebernad.com\/#website\",\"url\":\"https:\/\/www.josebernad.com\/\",\"name\":\"Jose Bernad\",\"description\":\"Equipamiento para la industria alimentaria\",\"publisher\":{\"@id\":\"https:\/\/www.josebernad.com\/#organization\"},\"potentialAction\":[{\"@type\":\"SearchAction\",\"target\":{\"@type\":\"EntryPoint\",\"urlTemplate\":\"https:\/\/www.josebernad.com\/?s={search_term_string}\"},\"query-input\":{\"@type\":\"PropertyValueSpecification\",\"valueRequired\":true,\"valueName\":\"search_term_string\"}}],\"inLanguage\":\"en-US\"},{\"@type\":\"Organization\",\"@id\":\"https:\/\/www.josebernad.com\/#organization\",\"name\":\"Jose Bernad | Refrigeraci\u00f3n y maquinar\u00eda para hosteler\u00eda\",\"url\":\"https:\/\/www.josebernad.com\/\",\"logo\":{\"@type\":\"ImageObject\",\"inLanguage\":\"en-US\",\"@id\":\"https:\/\/www.josebernad.com\/#\/schema\/logo\/image\/\",\"url\":\"https:\/\/www.josebernad.com\/wp-content\/uploads\/2018\/08\/logo-posts-letras-gris-1.png\",\"contentUrl\":\"https:\/\/www.josebernad.com\/wp-content\/uploads\/2018\/08\/logo-posts-letras-gris-1.png\",\"width\":2048,\"height\":2048,\"caption\":\"Jose Bernad | Refrigeraci\u00f3n y maquinar\u00eda para hosteler\u00eda\"},\"image\":{\"@id\":\"https:\/\/www.josebernad.com\/#\/schema\/logo\/image\/\"},\"sameAs\":[\"https:\/\/www.facebook.com\/JoseBernad.SL\/\",\"https:\/\/x.com\/josebernadsl\",\"https:\/\/www.instagram.com\/josebernad.sl\/\",\"https:\/\/www.linkedin.com\/company\/jos-bernad-s-l-\",\"https:\/\/www.youtube.com\/channel\/UCtOUrTgFx0IOu28oaMZ28Lw\"]}]}<\/script>\n<!-- \/ Yoast SEO plugin. -->","yoast_head_json":{"title":"Dairy Products Preservation ? - Cold Rooms \u2022 Bernad Refrigeraci\u00f3n","description":"\u25b6 Dairy Products preservation and maturing is made with cold rooms and drying rooms. \u2611 Most types of cheese ? require a resting time in the right conditions, controlled in cold rooms to get the typical characteristics of flavour, colour, body, texture and smell. \u2611","robots":{"index":"index","follow":"follow","max-snippet":"max-snippet:-1","max-image-preview":"max-image-preview:large","max-video-preview":"max-video-preview:-1"},"canonical":"https:\/\/www.josebernad.com\/en\/dairy-products-preservation\/","og_locale":"en_US","og_type":"article","og_title":"Dairy Products Preservation ? - Cold Rooms \u2022 Bernad Refrigeraci\u00f3n","og_description":"\u25b6 Dairy Products preservation and maturing is made with cold rooms and drying rooms. \u2611 Most types of cheese ? require a resting time in the right conditions, controlled in cold rooms to get the typical characteristics of flavour, colour, body, texture and smell. \u2611","og_url":"https:\/\/www.josebernad.com\/en\/dairy-products-preservation\/","og_site_name":"Jose Bernad","article_publisher":"https:\/\/www.facebook.com\/JoseBernad.SL\/","article_modified_time":"2018-11-13T08:39:17+00:00","twitter_card":"summary_large_image","twitter_site":"@josebernadsl","twitter_misc":{"Est. reading time":"4 minutes"},"schema":{"@context":"https:\/\/schema.org","@graph":[{"@type":"WebPage","@id":"https:\/\/www.josebernad.com\/en\/dairy-products-preservation\/","url":"https:\/\/www.josebernad.com\/en\/dairy-products-preservation\/","name":"Dairy Products Preservation ? - Cold Rooms \u2022 Bernad Refrigeraci\u00f3n","isPartOf":{"@id":"https:\/\/www.josebernad.com\/#website"},"datePublished":"2017-04-27T07:42:23+00:00","dateModified":"2018-11-13T08:39:17+00:00","description":"\u25b6 Dairy Products preservation and maturing is made with cold rooms and drying rooms. \u2611 Most types of cheese ? require a resting time in the right conditions, controlled in cold rooms to get the typical characteristics of flavour, colour, body, texture and smell. \u2611","breadcrumb":{"@id":"https:\/\/www.josebernad.com\/en\/dairy-products-preservation\/#breadcrumb"},"inLanguage":"en-US","potentialAction":[{"@type":"ReadAction","target":["https:\/\/www.josebernad.com\/en\/dairy-products-preservation\/"]}]},{"@type":"BreadcrumbList","@id":"https:\/\/www.josebernad.com\/en\/dairy-products-preservation\/#breadcrumb","itemListElement":[{"@type":"ListItem","position":1,"name":"Portada","item":"https:\/\/www.josebernad.com\/en\/"},{"@type":"ListItem","position":2,"name":"How to preserve dairy products"}]},{"@type":"WebSite","@id":"https:\/\/www.josebernad.com\/#website","url":"https:\/\/www.josebernad.com\/","name":"Jose Bernad","description":"Equipamiento para la industria alimentaria","publisher":{"@id":"https:\/\/www.josebernad.com\/#organization"},"potentialAction":[{"@type":"SearchAction","target":{"@type":"EntryPoint","urlTemplate":"https:\/\/www.josebernad.com\/?s={search_term_string}"},"query-input":{"@type":"PropertyValueSpecification","valueRequired":true,"valueName":"search_term_string"}}],"inLanguage":"en-US"},{"@type":"Organization","@id":"https:\/\/www.josebernad.com\/#organization","name":"Jose Bernad | Refrigeraci\u00f3n y maquinar\u00eda para hosteler\u00eda","url":"https:\/\/www.josebernad.com\/","logo":{"@type":"ImageObject","inLanguage":"en-US","@id":"https:\/\/www.josebernad.com\/#\/schema\/logo\/image\/","url":"https:\/\/www.josebernad.com\/wp-content\/uploads\/2018\/08\/logo-posts-letras-gris-1.png","contentUrl":"https:\/\/www.josebernad.com\/wp-content\/uploads\/2018\/08\/logo-posts-letras-gris-1.png","width":2048,"height":2048,"caption":"Jose Bernad | Refrigeraci\u00f3n y maquinar\u00eda para hosteler\u00eda"},"image":{"@id":"https:\/\/www.josebernad.com\/#\/schema\/logo\/image\/"},"sameAs":["https:\/\/www.facebook.com\/JoseBernad.SL\/","https:\/\/x.com\/josebernadsl","https:\/\/www.instagram.com\/josebernad.sl\/","https:\/\/www.linkedin.com\/company\/jos-bernad-s-l-","https:\/\/www.youtube.com\/channel\/UCtOUrTgFx0IOu28oaMZ28Lw"]}]}},"_links":{"self":[{"href":"https:\/\/www.josebernad.com\/en\/wp-json\/wp\/v2\/pages\/653","targetHints":{"allow":["GET"]}}],"collection":[{"href":"https:\/\/www.josebernad.com\/en\/wp-json\/wp\/v2\/pages"}],"about":[{"href":"https:\/\/www.josebernad.com\/en\/wp-json\/wp\/v2\/types\/page"}],"author":[{"embeddable":true,"href":"https:\/\/www.josebernad.com\/en\/wp-json\/wp\/v2\/users\/1"}],"replies":[{"embeddable":true,"href":"https:\/\/www.josebernad.com\/en\/wp-json\/wp\/v2\/comments?post=653"}],"version-history":[{"count":3,"href":"https:\/\/www.josebernad.com\/en\/wp-json\/wp\/v2\/pages\/653\/revisions"}],"predecessor-version":[{"id":17079,"href":"https:\/\/www.josebernad.com\/en\/wp-json\/wp\/v2\/pages\/653\/revisions\/17079"}],"wp:attachment":[{"href":"https:\/\/www.josebernad.com\/en\/wp-json\/wp\/v2\/media?parent=653"}],"curies":[{"name":"wp","href":"https:\/\/api.w.org\/{rel}","templated":true}]}}