{"id":657,"date":"2017-04-27T07:57:25","date_gmt":"2017-04-27T07:57:25","guid":{"rendered":"http:\/\/www.bernadrefrigeracion.com\/?page_id=657\/"},"modified":"2018-11-13T08:15:39","modified_gmt":"2018-11-13T08:15:39","slug":"how-to-conserve-onion","status":"publish","type":"page","link":"https:\/\/www.josebernad.com\/en\/how-to-conserve-onion\/","title":{"rendered":"How to preserve onion"},"content":{"rendered":"<div class=\"wpb-content-wrapper\"><p>[vc_row css_animation=&#8221;&#8221; row_type=&#8221;row&#8221; use_row_as_full_screen_section=&#8221;no&#8221; type=&#8221;full_width&#8221; angled_section=&#8221;no&#8221; text_align=&#8221;left&#8221; background_image_as_pattern=&#8221;without_pattern&#8221; css=&#8221;.vc_custom_1535363897648{margin-top: 60px !important;}&#8221; z_index=&#8221;&#8221;][vc_column width=&#8221;1\/6&#8243;][\/vc_column][vc_column width=&#8221;2\/3&#8243;][vc_single_image image=&#8221;16277&#8243; img_size=&#8221;full&#8221; alignment=&#8221;center&#8221; qode_css_animation=&#8221;&#8221;][\/vc_column][vc_column width=&#8221;1\/6&#8243;][\/vc_column][\/vc_row][vc_row css_animation=&#8221;&#8221; row_type=&#8221;row&#8221; use_row_as_full_screen_section=&#8221;no&#8221; type=&#8221;full_width&#8221; angled_section=&#8221;no&#8221; text_align=&#8221;left&#8221; background_image_as_pattern=&#8221;without_pattern&#8221; css=&#8221;.vc_custom_1535362253546{margin-top: 50px !important;}&#8221; z_index=&#8221;&#8221;][vc_column width=&#8221;1\/2&#8243;][vc_column_text]<\/p>\n<h2 style=\"text-align: center;\">REFRIGERATION OF ONIONS<\/h2>\n<p>[\/vc_column_text]<div class=\"aio-icon-component  vc_custom_1542096633143   style_1\"><div id=\"Info-box-wrap-7078\" class=\"aio-icon-box square_box-icon\" style=\"border-color:#4f4f4f;border-style:solid;background-color:rgba(221,221,221,0.7);\"  ><div class=\"aio-icon-square_box\"><div class=\"ult-just-icon-wrapper  \"><div class=\"align-icon\" style=\"text-align:center;\">\n<div class=\"aio-icon none \"  style=\"color:#0043c6;font-size:60px;display:inline-block;\">\n\t<i class=\"Defaults-chevron-down\"><\/i>\n<\/div><\/div><\/div><\/div><div class=\"aio-icon-description ult-responsive\"  data-ultimate-target='#Info-box-wrap-7078 .aio-icon-description'  data-responsive-json-new='{\"font-size\":\"\",\"line-height\":\"\"}'  style=\"\"><strong>Onion, Allium cepa<\/strong>, is a vegetable with beneficial properties for health and one of the essential foods in our cooking.<\/p>\n<p>&nbsp;<\/p>\n<p>Like garlic, it is original from Central Asia and Mediterranean Sea regions, but it actually can be found everywhere because it is one of the most cultivated vegetables in the world.<\/p>\n<p>&nbsp;<\/p>\n<p>Varieties and planting date are important factors to guarantee the success of its growth, where the variety determines the ideal season for cultivation. In order to preserve all the qualities of onions it is essential to make a good preservation in specialized <strong>cooling rooms for onions.<\/strong><\/p>\n<p>&nbsp;<\/p>\n<p><strong>Onion<\/strong> requires several operations before storage, one of the main is drying, which favours its conservation.<\/div> <!-- description --><\/div> <!-- aio-icon-box --><\/div> <!-- aio-icon-component -->[vc_column_text]<\/p>\n<h2 style=\"text-align: center;\">ONION DRYING<\/h2>\n<p>[\/vc_column_text]<div class=\"aio-icon-component  vc_custom_1542096672727   style_1\"><div id=\"Info-box-wrap-7072\" class=\"aio-icon-box square_box-icon\" style=\"border-color:#4f4f4f;border-style:solid;background-color:#dddddd;\"  ><div class=\"aio-icon-square_box\"><div class=\"ult-just-icon-wrapper  \"><div class=\"align-icon\" style=\"text-align:center;\">\n<div class=\"aio-icon none \"  style=\"color:#ff5700;font-size:60px;display:inline-block;\">\n\t<i class=\"Defaults-chevron-down\"><\/i>\n<\/div><\/div><\/div><\/div><div class=\"aio-icon-description ult-responsive\"  data-ultimate-target='#Info-box-wrap-7072 .aio-icon-description'  data-responsive-json-new='{\"font-size\":\"\",\"line-height\":\"\"}'  style=\"\">The objective of <strong>drying<\/strong> is to remove all the superficial humidity from the external layers, sealing the onion and stem. With this process is not intended to dry inside bulbs but only the external layers.<\/div> <!-- description --><\/div> <!-- aio-icon-box --><\/div> <!-- aio-icon-component -->[\/vc_column][vc_column width=&#8221;1\/2&#8243;][vc_column_text]<\/p>\n<h2 style=\"text-align: center;\">ONION CONSERVATION AT COOLING ROOMS<\/h2>\n<p>[\/vc_column_text]<div class=\"aio-icon-component  vc_custom_1542096936150   style_1\"><div id=\"Info-box-wrap-9288\" class=\"aio-icon-box square_box-icon\" style=\"border-color:#4f4f4f;border-style:solid;background-color:#dddddd;\"  ><div class=\"aio-icon-square_box\"><div class=\"ult-just-icon-wrapper  \"><div class=\"align-icon\" style=\"text-align:center;\">\n<div class=\"aio-icon none \"  style=\"color:#ff5700;font-size:60px;display:inline-block;\">\n\t<i class=\"Defaults-chevron-down\"><\/i>\n<\/div><\/div><\/div><\/div><div class=\"aio-icon-description ult-responsive\"  data-ultimate-target='#Info-box-wrap-9288 .aio-icon-description'  data-responsive-json-new='{\"font-size\":\"\",\"line-height\":\"\"}'  style=\"\">A correct <strong>cooling preservation<\/strong> gives us a longer life for <strong>onions<\/strong>.<\/p>\n<p><strong><br \/>\nOnion storage<\/strong> will be made in wooden palots, previously dried. Its location inside the room should be made in order to allow a right air circulation as well for the evaporators as for supported fans, not overloading the storage maximum capacity. Storage should be made in constant humidity and temperature, avoiding fluctuations, and totally darkness, because bulb is still alive.<\/p>\n<p>For this we need a specialized <strong>cooling room for onions.<\/strong><\/p>\n<p>&nbsp;<\/p>\n<p>Onion temperature changes should be made slowly, trying to keep the same temperature inside the bulb and in the external layers, because with abrupt changes in temperature bulb cells can be destroyed. It is recommended to cool or heat as maximum 2\u00baC per day, depending on different factors (temperature, humidity, etc\u2026).<\/p>\n<p>&nbsp;<\/p>\n<p>Onion must follow some rules to be storage:<\/p>\n<p>&nbsp;<\/p>\n<ul>\n<li>It must be a valid variety to be storage.<\/li>\n<li>Bulb must be firm and compact.<\/li>\n<li>Bulb must have a low content of superficial water (drying).<\/li>\n<li>Must be correctly cultivated under good agricultural practice.<\/li>\n<\/ul>\n<p>&nbsp;<\/p>\n<p>Other important factor to bear in mind is shipping, un-storage must be planned during hot and humid conditions.<\/div> <!-- description --><\/div> <!-- aio-icon-box --><\/div> <!-- aio-icon-component -->[\/vc_column][\/vc_row][vc_row css_animation=&#8221;&#8221; row_type=&#8221;row&#8221; use_row_as_full_screen_section=&#8221;no&#8221; type=&#8221;full_width&#8221; angled_section=&#8221;no&#8221; text_align=&#8221;left&#8221; background_image_as_pattern=&#8221;without_pattern&#8221; css=&#8221;.vc_custom_1535450775259{margin-bottom: 100px !important;}&#8221; z_index=&#8221;&#8221;][vc_column][vc_column_text]<\/p>\n<h2 style=\"text-align: center;\">WHAT YOU MUST KNOW<\/h2>\n<p>[\/vc_column_text][vc_empty_space]<div class=\"q_icon_list\"><i class=\"qode_icon_font_awesome fa fa-arrow-right qode-ili-icon-holder circle\" style=\"font-size: 60pxpx;color: #ff5700;background-color: #ffffff;border-color:#ff5700;border-style: solid;border-width: 1px;\" ><\/i><p style=\"font-weight: 600;\">Temperature: it must be the right one to avoid the onion become rotted, going up to -0,8\u00baC<\/p><\/div><div class=\"q_icon_list\"><i class=\"qode_icon_font_awesome fa fa-arrow-right qode-ili-icon-holder circle\" style=\"font-size: 60pxpx;color: #0043c6;background-color: #ffffff;border-color:#0043c6;border-style: solid;border-width: 1px;\" ><\/i><p style=\"font-weight: 600;\">Humidity: it must be between 65 and 75%.<\/p><\/div><div class=\"q_icon_list\"><i class=\"qode_icon_font_awesome fa fa-arrow-right qode-ili-icon-holder circle\" style=\"font-size: 60pxpx;color: #ff5700;background-color: #ffffff;border-color:#ff5700;border-style: solid;border-width: 1px;\" ><\/i><p style=\"font-weight: 600;\">Air: for a more homogeneous temperature is important a right air split inside the room.<\/p><\/div>[\/vc_column][\/vc_row]<\/p>\n<\/div>","protected":false},"excerpt":{"rendered":"<p>[vc_row css_animation=&#8221;&#8221; row_type=&#8221;row&#8221; use_row_as_full_screen_section=&#8221;no&#8221; type=&#8221;full_width&#8221; angled_section=&#8221;no&#8221; text_align=&#8221;left&#8221; background_image_as_pattern=&#8221;without_pattern&#8221; css=&#8221;.vc_custom_1535363897648{margin-top: 60px !important;}&#8221; z_index=&#8221;&#8221;][vc_column width=&#8221;1\/6&#8243;][\/vc_column][vc_column width=&#8221;2\/3&#8243;][vc_single_image image=&#8221;16277&#8243; img_size=&#8221;full&#8221; alignment=&#8221;center&#8221; qode_css_animation=&#8221;&#8221;][\/vc_column][vc_column width=&#8221;1\/6&#8243;][\/vc_column][\/vc_row][vc_row css_animation=&#8221;&#8221; row_type=&#8221;row&#8221; use_row_as_full_screen_section=&#8221;no&#8221; type=&#8221;full_width&#8221; angled_section=&#8221;no&#8221; text_align=&#8221;left&#8221; background_image_as_pattern=&#8221;without_pattern&#8221; css=&#8221;.vc_custom_1535362253546{margin-top: 50px !important;}&#8221; z_index=&#8221;&#8221;][vc_column width=&#8221;1\/2&#8243;][vc_column_text] REFRIGERATION OF ONIONS [\/vc_column_text][vc_column_text] ONION DRYING [\/vc_column_text][\/vc_column][vc_column width=&#8221;1\/2&#8243;][vc_column_text] ONION CONSERVATION AT COOLING ROOMS [\/vc_column_text][\/vc_column][\/vc_row][vc_row&#8230;<\/p>\n","protected":false},"author":1,"featured_media":0,"parent":0,"menu_order":0,"comment_status":"closed","ping_status":"closed","template":"","meta":{"_joinchat":[],"footnotes":""},"class_list":["post-657","page","type-page","status-publish","hentry"],"yoast_head":"<!-- This site is optimized with the Yoast SEO plugin v25.6 - https:\/\/yoast.com\/wordpress\/plugins\/seo\/ -->\n<title>How to preserve onions \u2744 \u2022 Bernad Refrigeration<\/title>\n<meta name=\"description\" content=\"? In order to preserve all qualities of onions it is essential to keep them in specialized cooling rooms for onions. \u2705 At Bernad Refrigeration we inform you, design and install the perfect onion cooling room for you! If you want to know more info get in! \u25b6\" \/>\n<meta name=\"robots\" content=\"index, follow, max-snippet:-1, max-image-preview:large, max-video-preview:-1\" \/>\n<link rel=\"canonical\" href=\"https:\/\/www.josebernad.com\/en\/how-to-conserve-onion\/\" \/>\n<meta property=\"og:locale\" content=\"en_US\" \/>\n<meta property=\"og:type\" content=\"article\" \/>\n<meta property=\"og:title\" content=\"How to preserve onions \u2744 \u2022 Bernad Refrigeration\" \/>\n<meta property=\"og:description\" content=\"? In order to preserve all qualities of onions it is essential to keep them in specialized cooling rooms for onions. \u2705 At Bernad Refrigeration we inform you, design and install the perfect onion cooling room for you! If you want to know more info get in! \u25b6\" \/>\n<meta property=\"og:url\" content=\"https:\/\/www.josebernad.com\/en\/how-to-conserve-onion\/\" \/>\n<meta property=\"og:site_name\" content=\"Jose Bernad\" \/>\n<meta property=\"article:publisher\" content=\"https:\/\/www.facebook.com\/JoseBernad.SL\/\" \/>\n<meta property=\"article:modified_time\" content=\"2018-11-13T08:15:39+00:00\" \/>\n<meta name=\"twitter:card\" content=\"summary_large_image\" \/>\n<meta name=\"twitter:site\" content=\"@josebernadsl\" \/>\n<meta name=\"twitter:label1\" content=\"Est. reading time\" \/>\n\t<meta name=\"twitter:data1\" content=\"4 minutes\" \/>\n<script type=\"application\/ld+json\" class=\"yoast-schema-graph\">{\"@context\":\"https:\/\/schema.org\",\"@graph\":[{\"@type\":\"WebPage\",\"@id\":\"https:\/\/www.josebernad.com\/en\/how-to-conserve-onion\/\",\"url\":\"https:\/\/www.josebernad.com\/en\/how-to-conserve-onion\/\",\"name\":\"How to preserve onions \u2744 \u2022 Bernad Refrigeration\",\"isPartOf\":{\"@id\":\"https:\/\/www.josebernad.com\/#website\"},\"datePublished\":\"2017-04-27T07:57:25+00:00\",\"dateModified\":\"2018-11-13T08:15:39+00:00\",\"description\":\"? In order to preserve all qualities of onions it is essential to keep them in specialized cooling rooms for onions. \u2705 At Bernad Refrigeration we inform you, design and install the perfect onion cooling room for you! If you want to know more info get in! \u25b6\",\"breadcrumb\":{\"@id\":\"https:\/\/www.josebernad.com\/en\/how-to-conserve-onion\/#breadcrumb\"},\"inLanguage\":\"en-US\",\"potentialAction\":[{\"@type\":\"ReadAction\",\"target\":[\"https:\/\/www.josebernad.com\/en\/how-to-conserve-onion\/\"]}]},{\"@type\":\"BreadcrumbList\",\"@id\":\"https:\/\/www.josebernad.com\/en\/how-to-conserve-onion\/#breadcrumb\",\"itemListElement\":[{\"@type\":\"ListItem\",\"position\":1,\"name\":\"Portada\",\"item\":\"https:\/\/www.josebernad.com\/en\/\"},{\"@type\":\"ListItem\",\"position\":2,\"name\":\"How to preserve onion\"}]},{\"@type\":\"WebSite\",\"@id\":\"https:\/\/www.josebernad.com\/#website\",\"url\":\"https:\/\/www.josebernad.com\/\",\"name\":\"Jose Bernad\",\"description\":\"Equipamiento para la industria alimentaria\",\"publisher\":{\"@id\":\"https:\/\/www.josebernad.com\/#organization\"},\"potentialAction\":[{\"@type\":\"SearchAction\",\"target\":{\"@type\":\"EntryPoint\",\"urlTemplate\":\"https:\/\/www.josebernad.com\/?s={search_term_string}\"},\"query-input\":{\"@type\":\"PropertyValueSpecification\",\"valueRequired\":true,\"valueName\":\"search_term_string\"}}],\"inLanguage\":\"en-US\"},{\"@type\":\"Organization\",\"@id\":\"https:\/\/www.josebernad.com\/#organization\",\"name\":\"Jose Bernad | Refrigeraci\u00f3n y maquinar\u00eda para hosteler\u00eda\",\"url\":\"https:\/\/www.josebernad.com\/\",\"logo\":{\"@type\":\"ImageObject\",\"inLanguage\":\"en-US\",\"@id\":\"https:\/\/www.josebernad.com\/#\/schema\/logo\/image\/\",\"url\":\"https:\/\/www.josebernad.com\/wp-content\/uploads\/2018\/08\/logo-posts-letras-gris-1.png\",\"contentUrl\":\"https:\/\/www.josebernad.com\/wp-content\/uploads\/2018\/08\/logo-posts-letras-gris-1.png\",\"width\":2048,\"height\":2048,\"caption\":\"Jose Bernad | Refrigeraci\u00f3n y maquinar\u00eda para hosteler\u00eda\"},\"image\":{\"@id\":\"https:\/\/www.josebernad.com\/#\/schema\/logo\/image\/\"},\"sameAs\":[\"https:\/\/www.facebook.com\/JoseBernad.SL\/\",\"https:\/\/x.com\/josebernadsl\",\"https:\/\/www.instagram.com\/josebernad.sl\/\",\"https:\/\/www.linkedin.com\/company\/jos-bernad-s-l-\",\"https:\/\/www.youtube.com\/channel\/UCtOUrTgFx0IOu28oaMZ28Lw\"]}]}<\/script>\n<!-- \/ Yoast SEO plugin. -->","yoast_head_json":{"title":"How to preserve onions \u2744 \u2022 Bernad Refrigeration","description":"? In order to preserve all qualities of onions it is essential to keep them in specialized cooling rooms for onions. \u2705 At Bernad Refrigeration we inform you, design and install the perfect onion cooling room for you! If you want to know more info get in! \u25b6","robots":{"index":"index","follow":"follow","max-snippet":"max-snippet:-1","max-image-preview":"max-image-preview:large","max-video-preview":"max-video-preview:-1"},"canonical":"https:\/\/www.josebernad.com\/en\/how-to-conserve-onion\/","og_locale":"en_US","og_type":"article","og_title":"How to preserve onions \u2744 \u2022 Bernad Refrigeration","og_description":"? In order to preserve all qualities of onions it is essential to keep them in specialized cooling rooms for onions. \u2705 At Bernad Refrigeration we inform you, design and install the perfect onion cooling room for you! If you want to know more info get in! \u25b6","og_url":"https:\/\/www.josebernad.com\/en\/how-to-conserve-onion\/","og_site_name":"Jose Bernad","article_publisher":"https:\/\/www.facebook.com\/JoseBernad.SL\/","article_modified_time":"2018-11-13T08:15:39+00:00","twitter_card":"summary_large_image","twitter_site":"@josebernadsl","twitter_misc":{"Est. reading time":"4 minutes"},"schema":{"@context":"https:\/\/schema.org","@graph":[{"@type":"WebPage","@id":"https:\/\/www.josebernad.com\/en\/how-to-conserve-onion\/","url":"https:\/\/www.josebernad.com\/en\/how-to-conserve-onion\/","name":"How to preserve onions \u2744 \u2022 Bernad Refrigeration","isPartOf":{"@id":"https:\/\/www.josebernad.com\/#website"},"datePublished":"2017-04-27T07:57:25+00:00","dateModified":"2018-11-13T08:15:39+00:00","description":"? In order to preserve all qualities of onions it is essential to keep them in specialized cooling rooms for onions. \u2705 At Bernad Refrigeration we inform you, design and install the perfect onion cooling room for you! If you want to know more info get in! \u25b6","breadcrumb":{"@id":"https:\/\/www.josebernad.com\/en\/how-to-conserve-onion\/#breadcrumb"},"inLanguage":"en-US","potentialAction":[{"@type":"ReadAction","target":["https:\/\/www.josebernad.com\/en\/how-to-conserve-onion\/"]}]},{"@type":"BreadcrumbList","@id":"https:\/\/www.josebernad.com\/en\/how-to-conserve-onion\/#breadcrumb","itemListElement":[{"@type":"ListItem","position":1,"name":"Portada","item":"https:\/\/www.josebernad.com\/en\/"},{"@type":"ListItem","position":2,"name":"How to preserve onion"}]},{"@type":"WebSite","@id":"https:\/\/www.josebernad.com\/#website","url":"https:\/\/www.josebernad.com\/","name":"Jose Bernad","description":"Equipamiento para la industria alimentaria","publisher":{"@id":"https:\/\/www.josebernad.com\/#organization"},"potentialAction":[{"@type":"SearchAction","target":{"@type":"EntryPoint","urlTemplate":"https:\/\/www.josebernad.com\/?s={search_term_string}"},"query-input":{"@type":"PropertyValueSpecification","valueRequired":true,"valueName":"search_term_string"}}],"inLanguage":"en-US"},{"@type":"Organization","@id":"https:\/\/www.josebernad.com\/#organization","name":"Jose Bernad | Refrigeraci\u00f3n y maquinar\u00eda para hosteler\u00eda","url":"https:\/\/www.josebernad.com\/","logo":{"@type":"ImageObject","inLanguage":"en-US","@id":"https:\/\/www.josebernad.com\/#\/schema\/logo\/image\/","url":"https:\/\/www.josebernad.com\/wp-content\/uploads\/2018\/08\/logo-posts-letras-gris-1.png","contentUrl":"https:\/\/www.josebernad.com\/wp-content\/uploads\/2018\/08\/logo-posts-letras-gris-1.png","width":2048,"height":2048,"caption":"Jose Bernad | Refrigeraci\u00f3n y maquinar\u00eda para hosteler\u00eda"},"image":{"@id":"https:\/\/www.josebernad.com\/#\/schema\/logo\/image\/"},"sameAs":["https:\/\/www.facebook.com\/JoseBernad.SL\/","https:\/\/x.com\/josebernadsl","https:\/\/www.instagram.com\/josebernad.sl\/","https:\/\/www.linkedin.com\/company\/jos-bernad-s-l-","https:\/\/www.youtube.com\/channel\/UCtOUrTgFx0IOu28oaMZ28Lw"]}]}},"_links":{"self":[{"href":"https:\/\/www.josebernad.com\/en\/wp-json\/wp\/v2\/pages\/657","targetHints":{"allow":["GET"]}}],"collection":[{"href":"https:\/\/www.josebernad.com\/en\/wp-json\/wp\/v2\/pages"}],"about":[{"href":"https:\/\/www.josebernad.com\/en\/wp-json\/wp\/v2\/types\/page"}],"author":[{"embeddable":true,"href":"https:\/\/www.josebernad.com\/en\/wp-json\/wp\/v2\/users\/1"}],"replies":[{"embeddable":true,"href":"https:\/\/www.josebernad.com\/en\/wp-json\/wp\/v2\/comments?post=657"}],"version-history":[{"count":4,"href":"https:\/\/www.josebernad.com\/en\/wp-json\/wp\/v2\/pages\/657\/revisions"}],"predecessor-version":[{"id":17067,"href":"https:\/\/www.josebernad.com\/en\/wp-json\/wp\/v2\/pages\/657\/revisions\/17067"}],"wp:attachment":[{"href":"https:\/\/www.josebernad.com\/en\/wp-json\/wp\/v2\/media?parent=657"}],"curies":[{"name":"wp","href":"https:\/\/api.w.org\/{rel}","templated":true}]}}