{"id":725,"date":"2017-05-02T11:04:48","date_gmt":"2017-05-02T11:04:48","guid":{"rendered":"http:\/\/www.bernadrefrigeracion.com\/?page_id=725\/"},"modified":"2018-11-13T08:28:29","modified_gmt":"2018-11-13T08:28:29","slug":"how-to-conserve-mushrooms","status":"publish","type":"page","link":"https:\/\/www.josebernad.com\/en\/how-to-conserve-mushrooms\/","title":{"rendered":"How to preserve mushrooms"},"content":{"rendered":"<div class=\"wpb-content-wrapper\"><p>[vc_row css_animation=&#8221;&#8221; row_type=&#8221;row&#8221; use_row_as_full_screen_section=&#8221;no&#8221; type=&#8221;full_width&#8221; angled_section=&#8221;no&#8221; text_align=&#8221;left&#8221; background_image_as_pattern=&#8221;without_pattern&#8221; css=&#8221;.vc_custom_1535363897648{margin-top: 60px !important;}&#8221; z_index=&#8221;&#8221;][vc_column width=&#8221;1\/6&#8243;][\/vc_column][vc_column width=&#8221;2\/3&#8243;][vc_single_image image=&#8221;16307&#8243; img_size=&#8221;full&#8221; alignment=&#8221;center&#8221; qode_css_animation=&#8221;&#8221;][\/vc_column][vc_column width=&#8221;1\/6&#8243;][\/vc_column][\/vc_row][vc_row css_animation=&#8221;&#8221; row_type=&#8221;row&#8221; use_row_as_full_screen_section=&#8221;no&#8221; type=&#8221;full_width&#8221; angled_section=&#8221;no&#8221; text_align=&#8221;left&#8221; background_image_as_pattern=&#8221;without_pattern&#8221; css=&#8221;.vc_custom_1535362253546{margin-top: 50px !important;}&#8221; z_index=&#8221;&#8221;][vc_column width=&#8221;1\/2&#8243;][vc_column_text]<\/p>\n<h2 style=\"text-align: center;\">COOLING ROOMS FOR MUSHROOMS<\/h2>\n<p>[\/vc_column_text]<div class=\"aio-icon-component  vc_custom_1535368638447   style_1\"><div id=\"Info-box-wrap-7141\" class=\"aio-icon-box square_box-icon\" style=\"border-color:#4f4f4f;border-style:solid;background-color:rgba(221,221,221,0.7);\"  ><div class=\"aio-icon-square_box\"><div class=\"ult-just-icon-wrapper  \"><div class=\"align-icon\" style=\"text-align:center;\">\n<div class=\"aio-icon none \"  style=\"color:#0043c6;font-size:60px;display:inline-block;\">\n\t<i class=\"Defaults-chevron-down\"><\/i>\n<\/div><\/div><\/div><\/div><div class=\"aio-icon-description ult-responsive\"  data-ultimate-target='#Info-box-wrap-7141 .aio-icon-description'  data-responsive-json-new='{\"font-size\":\"\",\"line-height\":\"\"}'  style=\"\">Common <strong>mushroom<\/strong>, <strong>Agaricus bisporus<\/strong>, is a type of fungus coming from Europe and North America, produced for consumption and for sure the most common mushroom for the kitchen.<\/p>\n<p>&nbsp;<\/p>\n<p>Almost 95% of <strong>mushroom<\/strong> is water, so this is an essential factor to be considered for handling and conservation.<\/div> <!-- description --><\/div> <!-- aio-icon-box --><\/div> <!-- aio-icon-component -->[\/vc_column][vc_column width=&#8221;1\/2&#8243;][vc_column_text]<\/p>\n<h2 style=\"text-align: center;\">PREMISES<\/h2>\n<p>[\/vc_column_text]<div class=\"aio-icon-component  vc_custom_1535368721687   style_1\"><div id=\"Info-box-wrap-8826\" class=\"aio-icon-box square_box-icon\" style=\"border-color:#4f4f4f;border-style:solid;background-color:#dddddd;\"  ><div class=\"aio-icon-square_box\"><div class=\"ult-just-icon-wrapper  \"><div class=\"align-icon\" style=\"text-align:center;\">\n<div class=\"aio-icon none \"  style=\"color:#ff5700;font-size:60px;display:inline-block;\">\n\t<i class=\"Defaults-chevron-down\"><\/i>\n<\/div><\/div><\/div><\/div><div class=\"aio-icon-description ult-responsive\"  data-ultimate-target='#Info-box-wrap-8826 .aio-icon-description'  data-responsive-json-new='{\"font-size\":\"\",\"line-height\":\"\"}'  style=\"\">For a perfect preservation of mushroom all year around the solution is a <strong>cooling room<\/strong>. Ideal premises for <strong>mushroom<\/strong> cultivation are caves, cellars and dark and cold places with the following characteristics:<\/p>\n<p>&nbsp;<\/p>\n<p>Regular temperature should be between 12 and 14\u00baC because the lower temperature, lower is the production, and if temperature is over 18\u00baC malformation will be produced in the fungus and they will be exposed to bacteria.<\/p>\n<p>&nbsp;<\/p>\n<p>It is necessary a relative humidity around 75-80%, so we must avoid dry places.<\/p>\n<p>&nbsp;<\/p>\n<p>Ventilation is also very important and it must be regulated depending on the fungus necessity to be developed.<\/div> <!-- description --><\/div> <!-- aio-icon-box --><\/div> <!-- aio-icon-component -->[\/vc_column][\/vc_row][vc_row css_animation=&#8221;&#8221; row_type=&#8221;row&#8221; use_row_as_full_screen_section=&#8221;no&#8221; type=&#8221;full_width&#8221; angled_section=&#8221;no&#8221; text_align=&#8221;left&#8221; background_image_as_pattern=&#8221;without_pattern&#8221; css=&#8221;.vc_custom_1535450766003{margin-bottom: 100px !important;}&#8221; z_index=&#8221;&#8221;][vc_column][vc_column_text]<\/p>\n<h2 style=\"text-align: center;\">WHAT YOU MUST KNOW<\/h2>\n<p>[\/vc_column_text][vc_empty_space]<div class=\"q_icon_list\"><i class=\"qode_icon_font_awesome fa fa-arrow-right qode-ili-icon-holder circle\" style=\"font-size: 60pxpx;color: #ff5700;background-color: #ffffff;border-color:#ff5700;border-style: solid;border-width: 1px;\" ><\/i><p style=\"font-weight: 600;\">Quantity of CO2 in ambient is important for cultivation, so it is essential a good ambient air circulation.<\/p><\/div><div class=\"q_icon_list\"><i class=\"qode_icon_font_awesome fa fa-arrow-right qode-ili-icon-holder circle\" style=\"font-size: 60pxpx;color: #0043c6;background-color: #ffffff;border-color:#0043c6;border-style: solid;border-width: 1px;\" ><\/i><p style=\"font-weight: 600;\">Fungus is well developed when local temperature is between 12 and 14\u00baC.<\/p><\/div><div class=\"q_icon_list\"><i class=\"qode_icon_font_awesome fa fa-arrow-right qode-ili-icon-holder circle\" style=\"font-size: 60pxpx;color: #ff5700;background-color: #ffffff;border-color:#ff5700;border-style: solid;border-width: 1px;\" ><\/i><p style=\"font-weight: 600;\">Because mushroom has not chlorophyll it can not feed with soil minerals.<\/p><\/div>[\/vc_column][\/vc_row]<\/p>\n<\/div>","protected":false},"excerpt":{"rendered":"<p>[vc_row css_animation=&#8221;&#8221; row_type=&#8221;row&#8221; use_row_as_full_screen_section=&#8221;no&#8221; type=&#8221;full_width&#8221; angled_section=&#8221;no&#8221; text_align=&#8221;left&#8221; background_image_as_pattern=&#8221;without_pattern&#8221; css=&#8221;.vc_custom_1535363897648{margin-top: 60px !important;}&#8221; z_index=&#8221;&#8221;][vc_column width=&#8221;1\/6&#8243;][\/vc_column][vc_column width=&#8221;2\/3&#8243;][vc_single_image image=&#8221;16307&#8243; img_size=&#8221;full&#8221; alignment=&#8221;center&#8221; qode_css_animation=&#8221;&#8221;][\/vc_column][vc_column width=&#8221;1\/6&#8243;][\/vc_column][\/vc_row][vc_row css_animation=&#8221;&#8221; row_type=&#8221;row&#8221; use_row_as_full_screen_section=&#8221;no&#8221; type=&#8221;full_width&#8221; angled_section=&#8221;no&#8221; text_align=&#8221;left&#8221; background_image_as_pattern=&#8221;without_pattern&#8221; css=&#8221;.vc_custom_1535362253546{margin-top: 50px !important;}&#8221; z_index=&#8221;&#8221;][vc_column width=&#8221;1\/2&#8243;][vc_column_text] COOLING ROOMS FOR MUSHROOMS [\/vc_column_text][\/vc_column][vc_column width=&#8221;1\/2&#8243;][vc_column_text] PREMISES [\/vc_column_text][\/vc_column][\/vc_row][vc_row css_animation=&#8221;&#8221; row_type=&#8221;row&#8221; use_row_as_full_screen_section=&#8221;no&#8221; type=&#8221;full_width&#8221; angled_section=&#8221;no&#8221; text_align=&#8221;left&#8221;&#8230;<\/p>\n","protected":false},"author":1,"featured_media":0,"parent":0,"menu_order":0,"comment_status":"closed","ping_status":"closed","template":"","meta":{"_joinchat":[],"footnotes":""},"class_list":["post-725","page","type-page","status-publish","hentry"],"yoast_head":"<!-- This site is optimized with the Yoast SEO plugin v25.6 - https:\/\/yoast.com\/wordpress\/plugins\/seo\/ -->\n<title>Mushrooms preservation ? \u2022 Bernad Refrigeraci\u00f3n<\/title>\n<meta name=\"description\" content=\"Mushrooms need specific conditions inside a cooling room in order to be preserved. That is why at Bernad Refrigeracion our cold rooms for mushrooms are specially designed to comply with all that it takes for a perfect mushroom preservation. \u25b6\" \/>\n<meta name=\"robots\" content=\"index, follow, max-snippet:-1, max-image-preview:large, max-video-preview:-1\" \/>\n<link rel=\"canonical\" href=\"https:\/\/www.josebernad.com\/en\/how-to-conserve-mushrooms\/\" \/>\n<meta property=\"og:locale\" content=\"en_US\" \/>\n<meta property=\"og:type\" content=\"article\" \/>\n<meta property=\"og:title\" content=\"Mushrooms preservation ? \u2022 Bernad Refrigeraci\u00f3n\" \/>\n<meta property=\"og:description\" content=\"Mushrooms need specific conditions inside a cooling room in order to be preserved. That is why at Bernad Refrigeracion our cold rooms for mushrooms are specially designed to comply with all that it takes for a perfect mushroom preservation. \u25b6\" \/>\n<meta property=\"og:url\" content=\"https:\/\/www.josebernad.com\/en\/how-to-conserve-mushrooms\/\" \/>\n<meta property=\"og:site_name\" content=\"Jose Bernad\" \/>\n<meta property=\"article:publisher\" content=\"https:\/\/www.facebook.com\/JoseBernad.SL\/\" \/>\n<meta property=\"article:modified_time\" content=\"2018-11-13T08:28:29+00:00\" \/>\n<meta name=\"twitter:card\" content=\"summary_large_image\" \/>\n<meta name=\"twitter:site\" content=\"@josebernadsl\" \/>\n<meta name=\"twitter:label1\" content=\"Est. reading time\" \/>\n\t<meta name=\"twitter:data1\" content=\"3 minutes\" \/>\n<script type=\"application\/ld+json\" class=\"yoast-schema-graph\">{\"@context\":\"https:\/\/schema.org\",\"@graph\":[{\"@type\":\"WebPage\",\"@id\":\"https:\/\/www.josebernad.com\/en\/how-to-conserve-mushrooms\/\",\"url\":\"https:\/\/www.josebernad.com\/en\/how-to-conserve-mushrooms\/\",\"name\":\"Mushrooms preservation ? \u2022 Bernad Refrigeraci\u00f3n\",\"isPartOf\":{\"@id\":\"https:\/\/www.josebernad.com\/#website\"},\"datePublished\":\"2017-05-02T11:04:48+00:00\",\"dateModified\":\"2018-11-13T08:28:29+00:00\",\"description\":\"Mushrooms need specific conditions inside a cooling room in order to be preserved. That is why at Bernad Refrigeracion our cold rooms for mushrooms are specially designed to comply with all that it takes for a perfect mushroom preservation. \u25b6\",\"breadcrumb\":{\"@id\":\"https:\/\/www.josebernad.com\/en\/how-to-conserve-mushrooms\/#breadcrumb\"},\"inLanguage\":\"en-US\",\"potentialAction\":[{\"@type\":\"ReadAction\",\"target\":[\"https:\/\/www.josebernad.com\/en\/how-to-conserve-mushrooms\/\"]}]},{\"@type\":\"BreadcrumbList\",\"@id\":\"https:\/\/www.josebernad.com\/en\/how-to-conserve-mushrooms\/#breadcrumb\",\"itemListElement\":[{\"@type\":\"ListItem\",\"position\":1,\"name\":\"Portada\",\"item\":\"https:\/\/www.josebernad.com\/en\/\"},{\"@type\":\"ListItem\",\"position\":2,\"name\":\"How to preserve mushrooms\"}]},{\"@type\":\"WebSite\",\"@id\":\"https:\/\/www.josebernad.com\/#website\",\"url\":\"https:\/\/www.josebernad.com\/\",\"name\":\"Jose Bernad\",\"description\":\"Equipamiento para la industria alimentaria\",\"publisher\":{\"@id\":\"https:\/\/www.josebernad.com\/#organization\"},\"potentialAction\":[{\"@type\":\"SearchAction\",\"target\":{\"@type\":\"EntryPoint\",\"urlTemplate\":\"https:\/\/www.josebernad.com\/?s={search_term_string}\"},\"query-input\":{\"@type\":\"PropertyValueSpecification\",\"valueRequired\":true,\"valueName\":\"search_term_string\"}}],\"inLanguage\":\"en-US\"},{\"@type\":\"Organization\",\"@id\":\"https:\/\/www.josebernad.com\/#organization\",\"name\":\"Jose Bernad | Refrigeraci\u00f3n y maquinar\u00eda para hosteler\u00eda\",\"url\":\"https:\/\/www.josebernad.com\/\",\"logo\":{\"@type\":\"ImageObject\",\"inLanguage\":\"en-US\",\"@id\":\"https:\/\/www.josebernad.com\/#\/schema\/logo\/image\/\",\"url\":\"https:\/\/www.josebernad.com\/wp-content\/uploads\/2018\/08\/logo-posts-letras-gris-1.png\",\"contentUrl\":\"https:\/\/www.josebernad.com\/wp-content\/uploads\/2018\/08\/logo-posts-letras-gris-1.png\",\"width\":2048,\"height\":2048,\"caption\":\"Jose Bernad | Refrigeraci\u00f3n y maquinar\u00eda para hosteler\u00eda\"},\"image\":{\"@id\":\"https:\/\/www.josebernad.com\/#\/schema\/logo\/image\/\"},\"sameAs\":[\"https:\/\/www.facebook.com\/JoseBernad.SL\/\",\"https:\/\/x.com\/josebernadsl\",\"https:\/\/www.instagram.com\/josebernad.sl\/\",\"https:\/\/www.linkedin.com\/company\/jos-bernad-s-l-\",\"https:\/\/www.youtube.com\/channel\/UCtOUrTgFx0IOu28oaMZ28Lw\"]}]}<\/script>\n<!-- \/ Yoast SEO plugin. -->","yoast_head_json":{"title":"Mushrooms preservation ? \u2022 Bernad Refrigeraci\u00f3n","description":"Mushrooms need specific conditions inside a cooling room in order to be preserved. That is why at Bernad Refrigeracion our cold rooms for mushrooms are specially designed to comply with all that it takes for a perfect mushroom preservation. \u25b6","robots":{"index":"index","follow":"follow","max-snippet":"max-snippet:-1","max-image-preview":"max-image-preview:large","max-video-preview":"max-video-preview:-1"},"canonical":"https:\/\/www.josebernad.com\/en\/how-to-conserve-mushrooms\/","og_locale":"en_US","og_type":"article","og_title":"Mushrooms preservation ? \u2022 Bernad Refrigeraci\u00f3n","og_description":"Mushrooms need specific conditions inside a cooling room in order to be preserved. That is why at Bernad Refrigeracion our cold rooms for mushrooms are specially designed to comply with all that it takes for a perfect mushroom preservation. \u25b6","og_url":"https:\/\/www.josebernad.com\/en\/how-to-conserve-mushrooms\/","og_site_name":"Jose Bernad","article_publisher":"https:\/\/www.facebook.com\/JoseBernad.SL\/","article_modified_time":"2018-11-13T08:28:29+00:00","twitter_card":"summary_large_image","twitter_site":"@josebernadsl","twitter_misc":{"Est. reading time":"3 minutes"},"schema":{"@context":"https:\/\/schema.org","@graph":[{"@type":"WebPage","@id":"https:\/\/www.josebernad.com\/en\/how-to-conserve-mushrooms\/","url":"https:\/\/www.josebernad.com\/en\/how-to-conserve-mushrooms\/","name":"Mushrooms preservation ? \u2022 Bernad Refrigeraci\u00f3n","isPartOf":{"@id":"https:\/\/www.josebernad.com\/#website"},"datePublished":"2017-05-02T11:04:48+00:00","dateModified":"2018-11-13T08:28:29+00:00","description":"Mushrooms need specific conditions inside a cooling room in order to be preserved. That is why at Bernad Refrigeracion our cold rooms for mushrooms are specially designed to comply with all that it takes for a perfect mushroom preservation. \u25b6","breadcrumb":{"@id":"https:\/\/www.josebernad.com\/en\/how-to-conserve-mushrooms\/#breadcrumb"},"inLanguage":"en-US","potentialAction":[{"@type":"ReadAction","target":["https:\/\/www.josebernad.com\/en\/how-to-conserve-mushrooms\/"]}]},{"@type":"BreadcrumbList","@id":"https:\/\/www.josebernad.com\/en\/how-to-conserve-mushrooms\/#breadcrumb","itemListElement":[{"@type":"ListItem","position":1,"name":"Portada","item":"https:\/\/www.josebernad.com\/en\/"},{"@type":"ListItem","position":2,"name":"How to preserve mushrooms"}]},{"@type":"WebSite","@id":"https:\/\/www.josebernad.com\/#website","url":"https:\/\/www.josebernad.com\/","name":"Jose Bernad","description":"Equipamiento para la industria alimentaria","publisher":{"@id":"https:\/\/www.josebernad.com\/#organization"},"potentialAction":[{"@type":"SearchAction","target":{"@type":"EntryPoint","urlTemplate":"https:\/\/www.josebernad.com\/?s={search_term_string}"},"query-input":{"@type":"PropertyValueSpecification","valueRequired":true,"valueName":"search_term_string"}}],"inLanguage":"en-US"},{"@type":"Organization","@id":"https:\/\/www.josebernad.com\/#organization","name":"Jose Bernad | Refrigeraci\u00f3n y maquinar\u00eda para hosteler\u00eda","url":"https:\/\/www.josebernad.com\/","logo":{"@type":"ImageObject","inLanguage":"en-US","@id":"https:\/\/www.josebernad.com\/#\/schema\/logo\/image\/","url":"https:\/\/www.josebernad.com\/wp-content\/uploads\/2018\/08\/logo-posts-letras-gris-1.png","contentUrl":"https:\/\/www.josebernad.com\/wp-content\/uploads\/2018\/08\/logo-posts-letras-gris-1.png","width":2048,"height":2048,"caption":"Jose Bernad | Refrigeraci\u00f3n y maquinar\u00eda para hosteler\u00eda"},"image":{"@id":"https:\/\/www.josebernad.com\/#\/schema\/logo\/image\/"},"sameAs":["https:\/\/www.facebook.com\/JoseBernad.SL\/","https:\/\/x.com\/josebernadsl","https:\/\/www.instagram.com\/josebernad.sl\/","https:\/\/www.linkedin.com\/company\/jos-bernad-s-l-","https:\/\/www.youtube.com\/channel\/UCtOUrTgFx0IOu28oaMZ28Lw"]}]}},"_links":{"self":[{"href":"https:\/\/www.josebernad.com\/en\/wp-json\/wp\/v2\/pages\/725","targetHints":{"allow":["GET"]}}],"collection":[{"href":"https:\/\/www.josebernad.com\/en\/wp-json\/wp\/v2\/pages"}],"about":[{"href":"https:\/\/www.josebernad.com\/en\/wp-json\/wp\/v2\/types\/page"}],"author":[{"embeddable":true,"href":"https:\/\/www.josebernad.com\/en\/wp-json\/wp\/v2\/users\/1"}],"replies":[{"embeddable":true,"href":"https:\/\/www.josebernad.com\/en\/wp-json\/wp\/v2\/comments?post=725"}],"version-history":[{"count":4,"href":"https:\/\/www.josebernad.com\/en\/wp-json\/wp\/v2\/pages\/725\/revisions"}],"predecessor-version":[{"id":17076,"href":"https:\/\/www.josebernad.com\/en\/wp-json\/wp\/v2\/pages\/725\/revisions\/17076"}],"wp:attachment":[{"href":"https:\/\/www.josebernad.com\/en\/wp-json\/wp\/v2\/media?parent=725"}],"curies":[{"name":"wp","href":"https:\/\/api.w.org\/{rel}","templated":true}]}}