{"id":946,"date":"2018-03-01T10:45:44","date_gmt":"2018-03-01T10:45:44","guid":{"rendered":"http:\/\/www.bernadrefrigeracion.com\/?page_id=946\/"},"modified":"2018-10-25T08:12:02","modified_gmt":"2018-10-25T08:12:02","slug":"glycol-cooling-systems","status":"publish","type":"page","link":"https:\/\/www.josebernad.com\/en\/glycol-cooling-systems\/","title":{"rendered":"Glycol Cooling Systems"},"content":{"rendered":"<div class=\"wpb-content-wrapper\"><p>[vc_row css_animation=&#8221;&#8221; row_type=&#8221;row&#8221; use_row_as_full_screen_section=&#8221;no&#8221; type=&#8221;full_width&#8221; angled_section=&#8221;no&#8221; text_align=&#8221;left&#8221; background_image_as_pattern=&#8221;without_pattern&#8221;][vc_column][vc_single_image image=&#8221;14979&#8243; alignment=&#8221;center&#8221; qode_css_animation=&#8221;&#8221;][vc_column_text]<\/p>\n<h1 style=\"text-align: center;\">Glycol Cold Rooms<\/h1>\n<p>[\/vc_column_text][vc_empty_space height=&#8221;56px&#8221;][vc_column_text css=&#8221;.vc_custom_1535448425810{border-top-width: 3px !important;border-right-width: 3px !important;border-bottom-width: 3px !important;border-left-width: 3px !important;padding-top: 40px !important;padding-right: 40px !important;padding-bottom: 40px !important;padding-left: 40px !important;border-left-color: #00c500 !important;border-left-style: solid !important;border-right-color: #00c500 !important;border-right-style: solid !important;border-top-color: #00c500 !important;border-top-style: solid !important;border-bottom-color: #00c500 !important;border-bottom-style: solid !important;}&#8221;]<br \/>\n<strong>Glycol (ethylene glycol) is an antifreeze substance for water. There are different types but the one we use for industrial cooling is <em>monoprpylenglycol USP.\u00a0<\/em> It is a transparent, slightly thick antifreeze chemical compound that is harmless for the environment and reduces the risk for leakage, besides being completely compatible with the food industry.<\/strong><\/p>\n<p>&nbsp;<\/p>\n<p><strong>Glycol cooling<\/strong> responds to environmental demands and more stringent energy savings. It consists of using water with glycol as a secondary fluid and thus obtain a minimum load of refrigerants either fluorinated gases (R-404\u00aa, R-134a, R410a, \u2026), natural (R717, CO2, \u2026), HFO type, \u2026<\/p>\n<p>&nbsp;<\/p>\n<p>&nbsp;<\/p>\n<p>Nowadays using glycol water is increasingly common as an indirect refrigeration system.[\/vc_column_text][\/vc_column][\/vc_row][vc_row css_animation=&#8221;&#8221; row_type=&#8221;row&#8221; use_row_as_full_screen_section=&#8221;no&#8221; type=&#8221;full_width&#8221; angled_section=&#8221;no&#8221; text_align=&#8221;left&#8221; background_image_as_pattern=&#8221;without_pattern&#8221; css=&#8221;.vc_custom_1535446851323{margin-top: 60px !important;}&#8221; z_index=&#8221;&#8221;][vc_column width=&#8221;1\/2&#8243;]<div class=\"aio-icon-component    style_1\"><div id=\"Info-box-wrap-5271\" class=\"aio-icon-box square_box-icon\" style=\"background-color:rgba(219,219,219,0.56);\"  ><div class=\"aio-icon-square_box\"><div class=\"ult-just-icon-wrapper  \"><div class=\"align-icon\" style=\"text-align:center;\">\n<div class=\"aio-icon none \"  style=\"color:#00c500;font-size:46px;display:inline-block;\">\n\t<i class=\"Defaults-plus-circle\"><\/i>\n<\/div><\/div><\/div><\/div><div class=\"aio-icon-description ult-responsive\"  data-ultimate-target='#Info-box-wrap-5271 .aio-icon-description'  data-responsive-json-new='{\"font-size\":\"\",\"line-height\":\"\"}'  style=\"\">In these systems the heat exchanger passes the cold generated to a <strong>glycol water<\/strong> fluid. It is pumped by a circulation pump to the air coolers of the room.<\/div> <!-- description --><\/div> <!-- aio-icon-box --><\/div> <!-- aio-icon-component -->[\/vc_column][vc_column width=&#8221;1\/2&#8243;]<div class=\"aio-icon-component    style_1\"><div id=\"Info-box-wrap-2167\" class=\"aio-icon-box square_box-icon\" style=\"background-color:rgba(219,219,219,0.56);\"  ><div class=\"aio-icon-square_box\"><div class=\"ult-just-icon-wrapper  \"><div class=\"align-icon\" style=\"text-align:center;\">\n<div class=\"aio-icon none \"  style=\"color:#00c500;font-size:46px;display:inline-block;\">\n\t<i class=\"Defaults-plus-circle\"><\/i>\n<\/div><\/div><\/div><\/div><div class=\"aio-icon-description ult-responsive\"  data-ultimate-target='#Info-box-wrap-2167 .aio-icon-description'  data-responsive-json-new='{\"font-size\":\"\",\"line-height\":\"\"}'  style=\"\">The main advantage is the minimum amount of refrigerant that is used. Also it is environmentally friendly and operates with minimum temperature oscillations.<\/div> <!-- description --><\/div> <!-- aio-icon-box --><\/div> <!-- aio-icon-component -->[\/vc_column][\/vc_row][vc_row css_animation=&#8221;&#8221; row_type=&#8221;row&#8221; use_row_as_full_screen_section=&#8221;no&#8221; type=&#8221;full_width&#8221; angled_section=&#8221;no&#8221; text_align=&#8221;left&#8221; background_image_as_pattern=&#8221;without_pattern&#8221; css=&#8221;.vc_custom_1535448218656{margin-top: 60px !important;}&#8221; z_index=&#8221;&#8221;][vc_column][vc_column_text css=&#8221;.vc_custom_1535448555286{border-top-width: 3px !important;border-right-width: 3px !important;border-bottom-width: 3px !important;border-left-width: 3px !important;padding-top: 40px !important;padding-right: 40px !important;padding-bottom: 40px !important;padding-left: 40px !important;border-left-color: #00c500 !important;border-left-style: solid !important;border-right-color: #00c500 !important;border-right-style: solid !important;border-top-color: #00c500 !important;border-top-style: solid !important;border-bottom-color: #00c500 !important;border-bottom-style: solid !important;}&#8221;]<\/p>\n<h3 style=\"text-align: left;\">In this way, <strong>Bernad\u00ae<\/strong> reinforces its commitment to the environment and the implementation of <strong>energy saving<\/strong> systems in all our facilities.<\/h3>\n<p>[\/vc_column_text][\/vc_column][\/vc_row][vc_row css_animation=&#8221;&#8221; row_type=&#8221;row&#8221; use_row_as_full_screen_section=&#8221;no&#8221; type=&#8221;full_width&#8221; angled_section=&#8221;no&#8221; text_align=&#8221;left&#8221; background_image_as_pattern=&#8221;without_pattern&#8221;][vc_column width=&#8221;3\/4&#8243;]<div class=\"qode-simple-quote-holder \">\n\t<div class=\"qode-simple-quote-triangle-shadow\">\n\t\t\n\t<\/div>\n\t<div class=\"qode-simple-quote-triangle\" style=\"border-bottom-color: rgba(255,255,255,0.31)\">\n\t\t\n\t<\/div>\n\t<div class=\"qode-simple-quote-holder-inner\" style=\"background-color: rgba(255,255,255,0.31);border-color: rgba(255,255,255,0.31)\">\n\t\t<div class=\"qode-simple-quote-icon-holder\"  style=\"fill: #ff5700\">\n\t\t\t<svg x=\"0px\" y=\"0px\" width=\"118px\" height=\"97px\" viewBox=\"0 0 118 97\" enable-background=\"new 0 0 118 97\" xml:space=\"preserve\">\n\t\t\t\t<g>\n\t\t\t\t\t<path d=\"M31.1,73.998c5.688-7.111,8.535-14.316,8.535-21.617c0-3.09-0.371-5.751-1.113-7.978c-4.332,3.34-9.031,5.009-14.102,5.009\n\t\t\t\t\t\tc-6.929,0-12.71-2.194-17.349-6.586c-4.639-4.389-6.958-10.298-6.958-17.72c0-6.926,2.348-12.71,7.051-17.349\n\t\t\t\t\t\tc4.7-4.639,10.452-6.958,17.256-6.958c9.77,0,17.256,4.021,22.451,12.061c4.329,6.68,6.494,15.029,6.494,25.049\n\t\t\t\t\t\tc0,12.742-3.247,24.154-9.741,34.234C37.13,82.227,27.325,90.357,14.215,96.541l-3.525-6.865\n\t\t\t\t\t\tC18.604,86.336,25.409,81.113,31.1,73.998z M95.67,73.998c5.688-7.111,8.535-14.316,8.535-21.617c0-3.09-0.371-5.751-1.113-7.978\n\t\t\t\t\t\tc-4.206,3.34-8.906,5.009-14.102,5.009c-6.804,0-12.556-2.194-17.256-6.586c-4.702-4.389-7.051-10.298-7.051-17.72\n\t\t\t\t\t\tc0-4.575,1.113-8.721,3.34-12.432s5.195-6.616,8.906-8.721c3.711-2.102,7.729-3.154,12.061-3.154\n\t\t\t\t\t\tc9.771,0,17.256,4.021,22.451,12.061c4.329,6.68,6.494,15.029,6.494,25.049c0,12.742-3.247,24.154-9.741,34.234\n\t\t\t\t\t\tC101.7,82.227,91.896,90.357,78.785,96.541l-3.525-6.865C83.175,86.336,89.979,81.113,95.67,73.998z\"\/>\n\t\t\t\t<\/g>\n\t\t\t<\/svg>\n\t\t<\/div>\n\t\t<div class=\"qode-simple-quote-content-holder\">\n\t\t\t<div class=\"qode-simple-quote-content-holder-inner\">\n\t\t\t\t<div class=\"qode-simple-quote-text-holder\" >\n\t\t\t\t\t<h2 class=\"qode-simple-quote-text-title\"> For more information about glycol refrigeration systems, contact us!  <\/h2>\n\t\t\t\t<\/div>\n\t\t\t\t<div class=\"qode-simple-quote-author-holder\">\n\t\t\t\t\t<p class=\"qode-simple-quote-author-title\">   <\/p>\n\t\t\t\t<\/div>\n\t\t\t<\/div>\n\t\t<\/div>\n\t<\/div>\n<\/div>[\/vc_column][vc_column width=&#8221;1\/4&#8243;][vc_empty_space height=&#8221;90px&#8221;]<div class=\" ubtn-ctn-center \"><a class=\"ubtn-link ult-adjust-bottom-margin ubtn-center ubtn-large \" href=\"https:\/\/www.josebernad.com\/contacto\/\" ><button type=\"button\" id=\"ubtn-7039\"  class=\"ubtn ult-adjust-bottom-margin ult-responsive ubtn-large ubtn-fade-bg  ulta-grow  ubtn-center   tooltip-69dec32bd5bc1\"  data-hover=\"#000000\" data-border-color=\"\" data-bg=\"#ff5700\" data-hover-bg=\"#dddddd\" data-border-hover=\"\" data-shadow-hover=\"\" data-shadow-click=\"none\" data-shadow=\"\" data-shd-shadow=\"\"  data-ultimate-target='#ubtn-7039'  data-responsive-json-new='{\"font-size\":\"desktop:28px;\",\"line-height\":\"\"}'  style=\"font-weight:normal;border:none;background: #ff5700;color: #ffffff;\"><span class=\"ubtn-hover\" style=\"background-color:#dddddd\"><\/span><span class=\"ubtn-data ubtn-text \" >CONTACT US<\/span><\/button><\/a><\/div>[\/vc_column][\/vc_row]<\/p>\n<\/div>","protected":false},"excerpt":{"rendered":"<p>[vc_row css_animation=&#8221;&#8221; row_type=&#8221;row&#8221; use_row_as_full_screen_section=&#8221;no&#8221; type=&#8221;full_width&#8221; angled_section=&#8221;no&#8221; text_align=&#8221;left&#8221; background_image_as_pattern=&#8221;without_pattern&#8221;][vc_column][vc_single_image image=&#8221;14979&#8243; alignment=&#8221;center&#8221; qode_css_animation=&#8221;&#8221;][vc_column_text] Glycol Cold Rooms [\/vc_column_text][vc_empty_space height=&#8221;56px&#8221;][vc_column_text css=&#8221;.vc_custom_1535448425810{border-top-width: 3px !important;border-right-width: 3px !important;border-bottom-width: 3px !important;border-left-width: 3px !important;padding-top: 40px !important;padding-right: 40px !important;padding-bottom: 40px !important;padding-left: 40px !important;border-left-color: #00c500 !important;border-left-style: solid !important;border-right-color: #00c500 !important;border-right-style: solid !important;border-top-color: #00c500 !important;border-top-style: solid !important;border-bottom-color:&#8230;<\/p>\n","protected":false},"author":1,"featured_media":0,"parent":0,"menu_order":0,"comment_status":"closed","ping_status":"closed","template":"","meta":{"_joinchat":[],"footnotes":""},"class_list":["post-946","page","type-page","status-publish","hentry"],"yoast_head":"<!-- This site is optimized with the Yoast SEO plugin v25.6 - https:\/\/yoast.com\/wordpress\/plugins\/seo\/ -->\n<title>Glycol Cooling Systems - Jose Bernad<\/title>\n<meta name=\"description\" content=\"Glycol is an environmentally friendly chemical compound \u267b that reduces the risk for leakage, besides being completely compatible with the food industry. In this way, Bernad\u00ae reinforces its commitment to the environment and the implementation of energy saving systems in all our facilities.\" \/>\n<meta name=\"robots\" content=\"index, follow, max-snippet:-1, max-image-preview:large, max-video-preview:-1\" \/>\n<link rel=\"canonical\" href=\"https:\/\/www.josebernad.com\/en\/glycol-cooling-systems\/\" \/>\n<meta property=\"og:locale\" content=\"en_US\" \/>\n<meta property=\"og:type\" content=\"article\" \/>\n<meta property=\"og:title\" content=\"Glycol Cooling Systems - Jose Bernad\" \/>\n<meta property=\"og:description\" content=\"Glycol is an environmentally friendly chemical compound \u267b that reduces the risk for leakage, besides being completely compatible with the food industry. In this way, Bernad\u00ae reinforces its commitment to the environment and the implementation of energy saving systems in all our facilities.\" \/>\n<meta property=\"og:url\" content=\"https:\/\/www.josebernad.com\/en\/glycol-cooling-systems\/\" \/>\n<meta property=\"og:site_name\" content=\"Jose Bernad\" \/>\n<meta property=\"article:publisher\" content=\"https:\/\/www.facebook.com\/JoseBernad.SL\/\" \/>\n<meta property=\"article:modified_time\" content=\"2018-10-25T08:12:02+00:00\" \/>\n<meta name=\"twitter:card\" content=\"summary_large_image\" \/>\n<meta name=\"twitter:site\" content=\"@josebernadsl\" \/>\n<meta name=\"twitter:label1\" content=\"Est. reading time\" \/>\n\t<meta name=\"twitter:data1\" content=\"3 minutes\" \/>\n<script type=\"application\/ld+json\" class=\"yoast-schema-graph\">{\"@context\":\"https:\/\/schema.org\",\"@graph\":[{\"@type\":\"WebPage\",\"@id\":\"https:\/\/www.josebernad.com\/en\/glycol-cooling-systems\/\",\"url\":\"https:\/\/www.josebernad.com\/en\/glycol-cooling-systems\/\",\"name\":\"Glycol Cooling Systems - Jose Bernad\",\"isPartOf\":{\"@id\":\"https:\/\/www.josebernad.com\/#website\"},\"datePublished\":\"2018-03-01T10:45:44+00:00\",\"dateModified\":\"2018-10-25T08:12:02+00:00\",\"description\":\"Glycol is an environmentally friendly chemical compound \u267b that reduces the risk for leakage, besides being completely compatible with the food industry. In this way, Bernad\u00ae reinforces its commitment to the environment and the implementation of energy saving systems in all our facilities.\",\"breadcrumb\":{\"@id\":\"https:\/\/www.josebernad.com\/en\/glycol-cooling-systems\/#breadcrumb\"},\"inLanguage\":\"en-US\",\"potentialAction\":[{\"@type\":\"ReadAction\",\"target\":[\"https:\/\/www.josebernad.com\/en\/glycol-cooling-systems\/\"]}]},{\"@type\":\"BreadcrumbList\",\"@id\":\"https:\/\/www.josebernad.com\/en\/glycol-cooling-systems\/#breadcrumb\",\"itemListElement\":[{\"@type\":\"ListItem\",\"position\":1,\"name\":\"Portada\",\"item\":\"https:\/\/www.josebernad.com\/en\/\"},{\"@type\":\"ListItem\",\"position\":2,\"name\":\"Glycol Cooling Systems\"}]},{\"@type\":\"WebSite\",\"@id\":\"https:\/\/www.josebernad.com\/#website\",\"url\":\"https:\/\/www.josebernad.com\/\",\"name\":\"Jose Bernad\",\"description\":\"Equipamiento para la industria alimentaria\",\"publisher\":{\"@id\":\"https:\/\/www.josebernad.com\/#organization\"},\"potentialAction\":[{\"@type\":\"SearchAction\",\"target\":{\"@type\":\"EntryPoint\",\"urlTemplate\":\"https:\/\/www.josebernad.com\/?s={search_term_string}\"},\"query-input\":{\"@type\":\"PropertyValueSpecification\",\"valueRequired\":true,\"valueName\":\"search_term_string\"}}],\"inLanguage\":\"en-US\"},{\"@type\":\"Organization\",\"@id\":\"https:\/\/www.josebernad.com\/#organization\",\"name\":\"Jose Bernad | Refrigeraci\u00f3n y maquinar\u00eda para hosteler\u00eda\",\"url\":\"https:\/\/www.josebernad.com\/\",\"logo\":{\"@type\":\"ImageObject\",\"inLanguage\":\"en-US\",\"@id\":\"https:\/\/www.josebernad.com\/#\/schema\/logo\/image\/\",\"url\":\"https:\/\/www.josebernad.com\/wp-content\/uploads\/2018\/08\/logo-posts-letras-gris-1.png\",\"contentUrl\":\"https:\/\/www.josebernad.com\/wp-content\/uploads\/2018\/08\/logo-posts-letras-gris-1.png\",\"width\":2048,\"height\":2048,\"caption\":\"Jose Bernad | Refrigeraci\u00f3n y maquinar\u00eda para hosteler\u00eda\"},\"image\":{\"@id\":\"https:\/\/www.josebernad.com\/#\/schema\/logo\/image\/\"},\"sameAs\":[\"https:\/\/www.facebook.com\/JoseBernad.SL\/\",\"https:\/\/x.com\/josebernadsl\",\"https:\/\/www.instagram.com\/josebernad.sl\/\",\"https:\/\/www.linkedin.com\/company\/jos-bernad-s-l-\",\"https:\/\/www.youtube.com\/channel\/UCtOUrTgFx0IOu28oaMZ28Lw\"]}]}<\/script>\n<!-- \/ Yoast SEO plugin. -->","yoast_head_json":{"title":"Glycol Cooling Systems - Jose Bernad","description":"Glycol is an environmentally friendly chemical compound \u267b that reduces the risk for leakage, besides being completely compatible with the food industry. In this way, Bernad\u00ae reinforces its commitment to the environment and the implementation of energy saving systems in all our facilities.","robots":{"index":"index","follow":"follow","max-snippet":"max-snippet:-1","max-image-preview":"max-image-preview:large","max-video-preview":"max-video-preview:-1"},"canonical":"https:\/\/www.josebernad.com\/en\/glycol-cooling-systems\/","og_locale":"en_US","og_type":"article","og_title":"Glycol Cooling Systems - Jose Bernad","og_description":"Glycol is an environmentally friendly chemical compound \u267b that reduces the risk for leakage, besides being completely compatible with the food industry. In this way, Bernad\u00ae reinforces its commitment to the environment and the implementation of energy saving systems in all our facilities.","og_url":"https:\/\/www.josebernad.com\/en\/glycol-cooling-systems\/","og_site_name":"Jose Bernad","article_publisher":"https:\/\/www.facebook.com\/JoseBernad.SL\/","article_modified_time":"2018-10-25T08:12:02+00:00","twitter_card":"summary_large_image","twitter_site":"@josebernadsl","twitter_misc":{"Est. reading time":"3 minutes"},"schema":{"@context":"https:\/\/schema.org","@graph":[{"@type":"WebPage","@id":"https:\/\/www.josebernad.com\/en\/glycol-cooling-systems\/","url":"https:\/\/www.josebernad.com\/en\/glycol-cooling-systems\/","name":"Glycol Cooling Systems - Jose Bernad","isPartOf":{"@id":"https:\/\/www.josebernad.com\/#website"},"datePublished":"2018-03-01T10:45:44+00:00","dateModified":"2018-10-25T08:12:02+00:00","description":"Glycol is an environmentally friendly chemical compound \u267b that reduces the risk for leakage, besides being completely compatible with the food industry. In this way, Bernad\u00ae reinforces its commitment to the environment and the implementation of energy saving systems in all our facilities.","breadcrumb":{"@id":"https:\/\/www.josebernad.com\/en\/glycol-cooling-systems\/#breadcrumb"},"inLanguage":"en-US","potentialAction":[{"@type":"ReadAction","target":["https:\/\/www.josebernad.com\/en\/glycol-cooling-systems\/"]}]},{"@type":"BreadcrumbList","@id":"https:\/\/www.josebernad.com\/en\/glycol-cooling-systems\/#breadcrumb","itemListElement":[{"@type":"ListItem","position":1,"name":"Portada","item":"https:\/\/www.josebernad.com\/en\/"},{"@type":"ListItem","position":2,"name":"Glycol Cooling Systems"}]},{"@type":"WebSite","@id":"https:\/\/www.josebernad.com\/#website","url":"https:\/\/www.josebernad.com\/","name":"Jose Bernad","description":"Equipamiento para la industria alimentaria","publisher":{"@id":"https:\/\/www.josebernad.com\/#organization"},"potentialAction":[{"@type":"SearchAction","target":{"@type":"EntryPoint","urlTemplate":"https:\/\/www.josebernad.com\/?s={search_term_string}"},"query-input":{"@type":"PropertyValueSpecification","valueRequired":true,"valueName":"search_term_string"}}],"inLanguage":"en-US"},{"@type":"Organization","@id":"https:\/\/www.josebernad.com\/#organization","name":"Jose Bernad | Refrigeraci\u00f3n y maquinar\u00eda para hosteler\u00eda","url":"https:\/\/www.josebernad.com\/","logo":{"@type":"ImageObject","inLanguage":"en-US","@id":"https:\/\/www.josebernad.com\/#\/schema\/logo\/image\/","url":"https:\/\/www.josebernad.com\/wp-content\/uploads\/2018\/08\/logo-posts-letras-gris-1.png","contentUrl":"https:\/\/www.josebernad.com\/wp-content\/uploads\/2018\/08\/logo-posts-letras-gris-1.png","width":2048,"height":2048,"caption":"Jose Bernad | Refrigeraci\u00f3n y maquinar\u00eda para hosteler\u00eda"},"image":{"@id":"https:\/\/www.josebernad.com\/#\/schema\/logo\/image\/"},"sameAs":["https:\/\/www.facebook.com\/JoseBernad.SL\/","https:\/\/x.com\/josebernadsl","https:\/\/www.instagram.com\/josebernad.sl\/","https:\/\/www.linkedin.com\/company\/jos-bernad-s-l-","https:\/\/www.youtube.com\/channel\/UCtOUrTgFx0IOu28oaMZ28Lw"]}]}},"_links":{"self":[{"href":"https:\/\/www.josebernad.com\/en\/wp-json\/wp\/v2\/pages\/946","targetHints":{"allow":["GET"]}}],"collection":[{"href":"https:\/\/www.josebernad.com\/en\/wp-json\/wp\/v2\/pages"}],"about":[{"href":"https:\/\/www.josebernad.com\/en\/wp-json\/wp\/v2\/types\/page"}],"author":[{"embeddable":true,"href":"https:\/\/www.josebernad.com\/en\/wp-json\/wp\/v2\/users\/1"}],"replies":[{"embeddable":true,"href":"https:\/\/www.josebernad.com\/en\/wp-json\/wp\/v2\/comments?post=946"}],"version-history":[{"count":2,"href":"https:\/\/www.josebernad.com\/en\/wp-json\/wp\/v2\/pages\/946\/revisions"}],"predecessor-version":[{"id":16913,"href":"https:\/\/www.josebernad.com\/en\/wp-json\/wp\/v2\/pages\/946\/revisions\/16913"}],"wp:attachment":[{"href":"https:\/\/www.josebernad.com\/en\/wp-json\/wp\/v2\/media?parent=946"}],"curies":[{"name":"wp","href":"https:\/\/api.w.org\/{rel}","templated":true}]}}